{"id":16297,"date":"2020-06-01T10:32:50","date_gmt":"2020-06-01T08:32:50","guid":{"rendered":"http:\/\/www.metalfach.com.pl\/filmy-instruktazowe\/"},"modified":"2023-05-17T11:30:40","modified_gmt":"2023-05-17T09:30:40","slug":"instruktivnye-filmy","status":"publish","type":"page","link":"https:\/\/www.metalfach.com.pl\/ru\/instruktivnye-filmy\/","title":{"rendered":"\u0418\u043d\u0441\u0442\u0440\u0443\u043a\u0442\u0438\u0432\u043d\u044b\u0435 \u0444\u0438\u043b\u044c\u043c\u044b"},"content":{"rendered":"\t\t<div data-elementor-type=\"wp-page\" data-elementor-id=\"16297\" class=\"elementor elementor-16297 elementor-16264\" data-elementor-post-type=\"page\">\n\t\t\t\t\t\t<section class=\"elementor-section elementor-top-section elementor-element elementor-element-dd0fcd9 elementor-section-height-min-height elementor-section-boxed elementor-section-height-default elementor-section-items-middle\" data-id=\"dd0fcd9\" data-element_type=\"section\" data-e-type=\"section\" data-settings=\"{&quot;background_background&quot;:&quot;classic&quot;}\">\n\t\t\t\t\t\t<div class=\"elementor-container elementor-column-gap-default\">\n\t\t\t\t\t<div class=\"elementor-column elementor-col-100 elementor-top-column elementor-element elementor-element-17a70a1\" data-id=\"17a70a1\" data-element_type=\"column\" data-e-type=\"column\">\n\t\t\t<div class=\"elementor-widget-wrap elementor-element-populated\">\n\t\t\t\t\t\t\t<\/div>\n\t\t<\/div>\n\t\t\t\t\t<\/div>\n\t\t<\/section>\n\t\t\t\t<section class=\"elementor-section elementor-top-section elementor-element elementor-element-c489e78 elementor-section-content-middle breadcrumbs_seo elementor-section-boxed elementor-section-height-default elementor-section-height-default\" data-id=\"c489e78\" data-element_type=\"section\" data-e-type=\"section\">\n\t\t\t\t\t\t<div class=\"elementor-container elementor-column-gap-extended\">\n\t\t\t\t\t<div class=\"elementor-column elementor-col-100 elementor-top-column elementor-element elementor-element-b1667c5\" data-id=\"b1667c5\" data-element_type=\"column\" data-e-type=\"column\">\n\t\t\t<div class=\"elementor-widget-wrap elementor-element-populated\">\n\t\t\t\t\t\t<div class=\"elementor-element elementor-element-7cc205f6 elementor-widget elementor-widget-text-editor\" data-id=\"7cc205f6\" data-element_type=\"widget\" data-e-type=\"widget\" data-widget_type=\"text-editor.default\">\n\t\t\t\t<div class=\"elementor-widget-container\">\n\t\t\t\t\t\t\t\t\t<span><span><a href=\"https:\/\/www.metalfach.com.pl\/ru\/\">\u0414\u043e\u043c\u043e\u0439<\/a><\/span><\/span>\t\t\t\t\t\t\t\t<\/div>\n\t\t\t\t<\/div>\n\t\t\t\t\t<\/div>\n\t\t<\/div>\n\t\t\t\t\t<\/div>\n\t\t<\/section>\n\t\t\t\t<section class=\"elementor-section elementor-top-section elementor-element elementor-element-c2e9ac5 elementor-section-boxed elementor-section-height-default elementor-section-height-default\" data-id=\"c2e9ac5\" data-element_type=\"section\" data-e-type=\"section\">\n\t\t\t\t\t\t<div class=\"elementor-container elementor-column-gap-default\">\n\t\t\t\t\t<div class=\"elementor-column elementor-col-100 elementor-top-column elementor-element elementor-element-02fe066\" data-id=\"02fe066\" data-element_type=\"column\" data-e-type=\"column\">\n\t\t\t<div class=\"elementor-widget-wrap\">\n\t\t\t\t\t\t\t<\/div>\n\t\t<\/div>\n\t\t\t\t\t<\/div>\n\t\t<\/section>\n\t\t\t\t<\/div>\n\t\t","protected":false},"excerpt":{"rendered":"<p>\u041f\u0440\u043e\u0432\u0435\u0440\u043a\u0430 \u0438 \u0440\u0435\u0433\u0443\u043b\u0438\u0440\u043e\u0432\u043a\u0430 \u043d\u0430\u0442\u044f\u0436\u0435\u043d\u0438\u044f \u0446\u0435\u043f\u0435\u0439 \u043d\u0430\u043f\u043e\u043b\u044c\u043d\u043e\u0433\u043e \u043a\u043e\u043d\u0432\u0435\u0439\u0435\u0440\u0430 \u041d\u0430\u0432\u043e\u0437\u043e\u0440\u0430\u0437\u0431\u0440\u0430\u0441\u044b\u0432\u0430\u0442\u0435\u043b\u044c N267 Hornet \u0420\u0435\u0433\u0443\u043b\u0438\u0440\u043e\u0432\u043a\u0430 \u0434\u043e\u0437\u044b \u0432\u043d\u0435\u0441\u0435\u043d\u0438\u044f \u0443\u0434\u043e\u0431\u0440\u0435\u043d\u0438\u0439 \u041d\u0430\u0432\u043e\u0437\u043e\u0440\u0430\u0437\u0431\u0440\u0430\u0441\u044b\u0432\u0430\u0442\u0435\u043b\u044c N267 Hornet \u0422\u0435\u0445\u043e\u0431\u0441\u043b\u0443\u0436\u0438\u0432\u0430\u043d\u0438\u0435 \u0440\u0435\u0434\u0443\u043a\u0442\u043e\u0440\u0430 \u041d\u0430\u0432\u043e\u0437\u043e\u0440\u0430\u0437\u0431\u0440\u0430\u0441\u044b\u0432\u0430\u0442\u0435\u043b\u044c N267 Hornet \u0418\u0437\u043c\u0435\u043d\u0435\u043d\u0438\u0435 \u043f\u043e\u043b\u043e\u0436\u0435\u043d\u0438\u044f \u0441\u0446\u0435\u043f\u043a\u0438 \u041d\u0430\u0432\u043e\u0437\u043e\u0440\u0430\u0437\u0431\u0440\u0430\u0441\u044b\u0432\u0430\u0442\u0435\u043b\u044c N267 Hornet<\/p>\n","protected":false},"author":2,"featured_media":0,"parent":0,"menu_order":0,"comment_status":"closed","ping_status":"closed","template":"","meta":{"_acf_changed":false,"footnotes":""},"class_list":["post-16297","page","type-page","status-publish","hentry"],"acf":[],"yoast_head":"<!-- This site is optimized with the Yoast SEO plugin v27.6 - https:\/\/yoast.com\/product\/yoast-seo-wordpress\/ -->\n<title>\u0418\u043d\u0441\u0442\u0440\u0443\u043a\u0442\u0438\u0432\u043d\u044b\u0435 \u0444\u0438\u043b\u044c\u043c\u044b - Metal-Fach<\/title>\n<meta name=\"robots\" content=\"index, follow, max-snippet:-1, max-image-preview:large, max-video-preview:-1\" \/>\n<link rel=\"canonical\" href=\"https:\/\/www.metalfach.com.pl\/ru\/instruktivnye-filmy\/\" \/>\n<meta property=\"og:locale\" content=\"ru_RU\" \/>\n<meta property=\"og:type\" content=\"article\" \/>\n<meta property=\"og:title\" content=\"\u0418\u043d\u0441\u0442\u0440\u0443\u043a\u0442\u0438\u0432\u043d\u044b\u0435 \u0444\u0438\u043b\u044c\u043c\u044b - Metal-Fach\" \/>\n<meta property=\"og:description\" content=\"\u041f\u0440\u043e\u0432\u0435\u0440\u043a\u0430 \u0438 \u0440\u0435\u0433\u0443\u043b\u0438\u0440\u043e\u0432\u043a\u0430 \u043d\u0430\u0442\u044f\u0436\u0435\u043d\u0438\u044f \u0446\u0435\u043f\u0435\u0439 \u043d\u0430\u043f\u043e\u043b\u044c\u043d\u043e\u0433\u043e \u043a\u043e\u043d\u0432\u0435\u0439\u0435\u0440\u0430 \u041d\u0430\u0432\u043e\u0437\u043e\u0440\u0430\u0437\u0431\u0440\u0430\u0441\u044b\u0432\u0430\u0442\u0435\u043b\u044c N267 Hornet \u0420\u0435\u0433\u0443\u043b\u0438\u0440\u043e\u0432\u043a\u0430 \u0434\u043e\u0437\u044b \u0432\u043d\u0435\u0441\u0435\u043d\u0438\u044f \u0443\u0434\u043e\u0431\u0440\u0435\u043d\u0438\u0439 \u041d\u0430\u0432\u043e\u0437\u043e\u0440\u0430\u0437\u0431\u0440\u0430\u0441\u044b\u0432\u0430\u0442\u0435\u043b\u044c N267 Hornet \u0422\u0435\u0445\u043e\u0431\u0441\u043b\u0443\u0436\u0438\u0432\u0430\u043d\u0438\u0435 \u0440\u0435\u0434\u0443\u043a\u0442\u043e\u0440\u0430 \u041d\u0430\u0432\u043e\u0437\u043e\u0440\u0430\u0437\u0431\u0440\u0430\u0441\u044b\u0432\u0430\u0442\u0435\u043b\u044c N267 Hornet \u0418\u0437\u043c\u0435\u043d\u0435\u043d\u0438\u0435 \u043f\u043e\u043b\u043e\u0436\u0435\u043d\u0438\u044f \u0441\u0446\u0435\u043f\u043a\u0438 \u041d\u0430\u0432\u043e\u0437\u043e\u0440\u0430\u0437\u0431\u0440\u0430\u0441\u044b\u0432\u0430\u0442\u0435\u043b\u044c N267 Hornet\" \/>\n<meta property=\"og:url\" content=\"https:\/\/www.metalfach.com.pl\/ru\/instruktivnye-filmy\/\" \/>\n<meta property=\"og:site_name\" content=\"Metal-Fach\" \/>\n<meta property=\"article:publisher\" content=\"http:\/\/www.facebook.pl\/MetalFachOfficial\" \/>\n<meta property=\"article:modified_time\" content=\"2023-05-17T09:30:40+00:00\" \/>\n<meta name=\"twitter:card\" content=\"summary_large_image\" \/>\n<script type=\"application\/ld+json\" class=\"yoast-schema-graph\">{\"@context\":\"https:\\\/\\\/schema.org\",\"@graph\":[{\"@type\":\"WebPage\",\"@id\":\"https:\\\/\\\/www.metalfach.com.pl\\\/ru\\\/instruktivnye-filmy\\\/\",\"url\":\"https:\\\/\\\/www.metalfach.com.pl\\\/ru\\\/instruktivnye-filmy\\\/\",\"name\":\"\u0418\u043d\u0441\u0442\u0440\u0443\u043a\u0442\u0438\u0432\u043d\u044b\u0435 \u0444\u0438\u043b\u044c\u043c\u044b - Metal-Fach\",\"isPartOf\":{\"@id\":\"https:\\\/\\\/www.metalfach.com.pl\\\/ru\\\/#website\"},\"datePublished\":\"2020-06-01T08:32:50+00:00\",\"dateModified\":\"2023-05-17T09:30:40+00:00\",\"breadcrumb\":{\"@id\":\"https:\\\/\\\/www.metalfach.com.pl\\\/ru\\\/instruktivnye-filmy\\\/#breadcrumb\"},\"inLanguage\":\"ru-RU\",\"potentialAction\":[{\"@type\":\"ReadAction\",\"target\":[\"https:\\\/\\\/www.metalfach.com.pl\\\/ru\\\/instruktivnye-filmy\\\/\"]}]},{\"@type\":\"BreadcrumbList\",\"@id\":\"https:\\\/\\\/www.metalfach.com.pl\\\/ru\\\/instruktivnye-filmy\\\/#breadcrumb\",\"itemListElement\":[{\"@type\":\"ListItem\",\"position\":1,\"name\":\"\u0414\u043e\u043c\u043e\u0439\",\"item\":\"https:\\\/\\\/www.metalfach.com.pl\\\/ru\\\/\"},{\"@type\":\"ListItem\",\"position\":2,\"name\":\"\u0418\u043d\u0441\u0442\u0440\u0443\u043a\u0442\u0438\u0432\u043d\u044b\u0435 \u0444\u0438\u043b\u044c\u043c\u044b\"}]},{\"@type\":\"WebSite\",\"@id\":\"https:\\\/\\\/www.metalfach.com.pl\\\/ru\\\/#website\",\"url\":\"https:\\\/\\\/www.metalfach.com.pl\\\/ru\\\/\",\"name\":\"Metal-Fach\",\"description\":\"Prasy zwijaj\u0105ce, owijarki bel, \u0142adowacze czo\u0142owe, wozy paszowe, rozrzutniki obornika, przyczepy rolnicze, agregaty uprawowe\",\"publisher\":{\"@id\":\"https:\\\/\\\/www.metalfach.com.pl\\\/ru\\\/#organization\"},\"potentialAction\":[{\"@type\":\"SearchAction\",\"target\":{\"@type\":\"EntryPoint\",\"urlTemplate\":\"https:\\\/\\\/www.metalfach.com.pl\\\/ru\\\/?s={search_term_string}\"},\"query-input\":{\"@type\":\"PropertyValueSpecification\",\"valueRequired\":true,\"valueName\":\"search_term_string\"}}],\"inLanguage\":\"ru-RU\"},{\"@type\":\"Organization\",\"@id\":\"https:\\\/\\\/www.metalfach.com.pl\\\/ru\\\/#organization\",\"name\":\"Metal-Fach\",\"url\":\"https:\\\/\\\/www.metalfach.com.pl\\\/ru\\\/\",\"logo\":{\"@type\":\"ImageObject\",\"inLanguage\":\"ru-RU\",\"@id\":\"https:\\\/\\\/www.metalfach.com.pl\\\/ru\\\/#\\\/schema\\\/logo\\\/image\\\/\",\"url\":\"https:\\\/\\\/www.metalfach.com.pl\\\/wp-content\\\/uploads\\\/metalfach-logo-horizontal-r.svg\",\"contentUrl\":\"https:\\\/\\\/www.metalfach.com.pl\\\/wp-content\\\/uploads\\\/metalfach-logo-horizontal-r.svg\",\"width\":777,\"height\":207,\"caption\":\"Metal-Fach\"},\"image\":{\"@id\":\"https:\\\/\\\/www.metalfach.com.pl\\\/ru\\\/#\\\/schema\\\/logo\\\/image\\\/\"},\"sameAs\":[\"http:\\\/\\\/www.facebook.pl\\\/MetalFachOfficial\",\"https:\\\/\\\/www.instagram.com\\\/metalfach_official\\\/\",\"https:\\\/\\\/www.linkedin.com\\\/company\\\/metal-fach\",\"https:\\\/\\\/www.youtube.com\\\/user\\\/metalfach1\",\"https:\\\/\\\/www.tiktok.com\\\/@metalfach_official\"]}]}<\/script>\n<!-- \/ Yoast SEO plugin. -->","yoast_head_json":{"title":"\u0418\u043d\u0441\u0442\u0440\u0443\u043a\u0442\u0438\u0432\u043d\u044b\u0435 \u0444\u0438\u043b\u044c\u043c\u044b - Metal-Fach","robots":{"index":"index","follow":"follow","max-snippet":"max-snippet:-1","max-image-preview":"max-image-preview:large","max-video-preview":"max-video-preview:-1"},"canonical":"https:\/\/www.metalfach.com.pl\/ru\/instruktivnye-filmy\/","og_locale":"ru_RU","og_type":"article","og_title":"\u0418\u043d\u0441\u0442\u0440\u0443\u043a\u0442\u0438\u0432\u043d\u044b\u0435 \u0444\u0438\u043b\u044c\u043c\u044b - Metal-Fach","og_description":"\u041f\u0440\u043e\u0432\u0435\u0440\u043a\u0430 \u0438 \u0440\u0435\u0433\u0443\u043b\u0438\u0440\u043e\u0432\u043a\u0430 \u043d\u0430\u0442\u044f\u0436\u0435\u043d\u0438\u044f \u0446\u0435\u043f\u0435\u0439 \u043d\u0430\u043f\u043e\u043b\u044c\u043d\u043e\u0433\u043e \u043a\u043e\u043d\u0432\u0435\u0439\u0435\u0440\u0430 \u041d\u0430\u0432\u043e\u0437\u043e\u0440\u0430\u0437\u0431\u0440\u0430\u0441\u044b\u0432\u0430\u0442\u0435\u043b\u044c N267 Hornet \u0420\u0435\u0433\u0443\u043b\u0438\u0440\u043e\u0432\u043a\u0430 \u0434\u043e\u0437\u044b \u0432\u043d\u0435\u0441\u0435\u043d\u0438\u044f \u0443\u0434\u043e\u0431\u0440\u0435\u043d\u0438\u0439 \u041d\u0430\u0432\u043e\u0437\u043e\u0440\u0430\u0437\u0431\u0440\u0430\u0441\u044b\u0432\u0430\u0442\u0435\u043b\u044c N267 Hornet \u0422\u0435\u0445\u043e\u0431\u0441\u043b\u0443\u0436\u0438\u0432\u0430\u043d\u0438\u0435 \u0440\u0435\u0434\u0443\u043a\u0442\u043e\u0440\u0430 \u041d\u0430\u0432\u043e\u0437\u043e\u0440\u0430\u0437\u0431\u0440\u0430\u0441\u044b\u0432\u0430\u0442\u0435\u043b\u044c N267 Hornet \u0418\u0437\u043c\u0435\u043d\u0435\u043d\u0438\u0435 \u043f\u043e\u043b\u043e\u0436\u0435\u043d\u0438\u044f \u0441\u0446\u0435\u043f\u043a\u0438 \u041d\u0430\u0432\u043e\u0437\u043e\u0440\u0430\u0437\u0431\u0440\u0430\u0441\u044b\u0432\u0430\u0442\u0435\u043b\u044c N267 Hornet","og_url":"https:\/\/www.metalfach.com.pl\/ru\/instruktivnye-filmy\/","og_site_name":"Metal-Fach","article_publisher":"http:\/\/www.facebook.pl\/MetalFachOfficial","article_modified_time":"2023-05-17T09:30:40+00:00","twitter_card":"summary_large_image","schema":{"@context":"https:\/\/schema.org","@graph":[{"@type":"WebPage","@id":"https:\/\/www.metalfach.com.pl\/ru\/instruktivnye-filmy\/","url":"https:\/\/www.metalfach.com.pl\/ru\/instruktivnye-filmy\/","name":"\u0418\u043d\u0441\u0442\u0440\u0443\u043a\u0442\u0438\u0432\u043d\u044b\u0435 \u0444\u0438\u043b\u044c\u043c\u044b - Metal-Fach","isPartOf":{"@id":"https:\/\/www.metalfach.com.pl\/ru\/#website"},"datePublished":"2020-06-01T08:32:50+00:00","dateModified":"2023-05-17T09:30:40+00:00","breadcrumb":{"@id":"https:\/\/www.metalfach.com.pl\/ru\/instruktivnye-filmy\/#breadcrumb"},"inLanguage":"ru-RU","potentialAction":[{"@type":"ReadAction","target":["https:\/\/www.metalfach.com.pl\/ru\/instruktivnye-filmy\/"]}]},{"@type":"BreadcrumbList","@id":"https:\/\/www.metalfach.com.pl\/ru\/instruktivnye-filmy\/#breadcrumb","itemListElement":[{"@type":"ListItem","position":1,"name":"\u0414\u043e\u043c\u043e\u0439","item":"https:\/\/www.metalfach.com.pl\/ru\/"},{"@type":"ListItem","position":2,"name":"\u0418\u043d\u0441\u0442\u0440\u0443\u043a\u0442\u0438\u0432\u043d\u044b\u0435 \u0444\u0438\u043b\u044c\u043c\u044b"}]},{"@type":"WebSite","@id":"https:\/\/www.metalfach.com.pl\/ru\/#website","url":"https:\/\/www.metalfach.com.pl\/ru\/","name":"Metal-Fach","description":"Prasy zwijaj\u0105ce, owijarki bel, \u0142adowacze czo\u0142owe, wozy paszowe, rozrzutniki obornika, przyczepy rolnicze, agregaty uprawowe","publisher":{"@id":"https:\/\/www.metalfach.com.pl\/ru\/#organization"},"potentialAction":[{"@type":"SearchAction","target":{"@type":"EntryPoint","urlTemplate":"https:\/\/www.metalfach.com.pl\/ru\/?s={search_term_string}"},"query-input":{"@type":"PropertyValueSpecification","valueRequired":true,"valueName":"search_term_string"}}],"inLanguage":"ru-RU"},{"@type":"Organization","@id":"https:\/\/www.metalfach.com.pl\/ru\/#organization","name":"Metal-Fach","url":"https:\/\/www.metalfach.com.pl\/ru\/","logo":{"@type":"ImageObject","inLanguage":"ru-RU","@id":"https:\/\/www.metalfach.com.pl\/ru\/#\/schema\/logo\/image\/","url":"https:\/\/www.metalfach.com.pl\/wp-content\/uploads\/metalfach-logo-horizontal-r.svg","contentUrl":"https:\/\/www.metalfach.com.pl\/wp-content\/uploads\/metalfach-logo-horizontal-r.svg","width":777,"height":207,"caption":"Metal-Fach"},"image":{"@id":"https:\/\/www.metalfach.com.pl\/ru\/#\/schema\/logo\/image\/"},"sameAs":["http:\/\/www.facebook.pl\/MetalFachOfficial","https:\/\/www.instagram.com\/metalfach_official\/","https:\/\/www.linkedin.com\/company\/metal-fach","https:\/\/www.youtube.com\/user\/metalfach1","https:\/\/www.tiktok.com\/@metalfach_official"]}]}},"_links":{"self":[{"href":"https:\/\/www.metalfach.com.pl\/ru\/wp-json\/wp\/v2\/pages\/16297","targetHints":{"allow":["GET"]}}],"collection":[{"href":"https:\/\/www.metalfach.com.pl\/ru\/wp-json\/wp\/v2\/pages"}],"about":[{"href":"https:\/\/www.metalfach.com.pl\/ru\/wp-json\/wp\/v2\/types\/page"}],"author":[{"embeddable":true,"href":"https:\/\/www.metalfach.com.pl\/ru\/wp-json\/wp\/v2\/users\/2"}],"replies":[{"embeddable":true,"href":"https:\/\/www.metalfach.com.pl\/ru\/wp-json\/wp\/v2\/comments?post=16297"}],"version-history":[{"count":0,"href":"https:\/\/www.metalfach.com.pl\/ru\/wp-json\/wp\/v2\/pages\/16297\/revisions"}],"wp:attachment":[{"href":"https:\/\/www.metalfach.com.pl\/ru\/wp-json\/wp\/v2\/media?parent=16297"}],"curies":[{"name":"wp","href":"https:\/\/api.w.org\/{rel}","templated":true}]}}