{"id":16059,"date":"2019-09-24T21:08:19","date_gmt":"2019-09-24T19:08:19","guid":{"rendered":"http:\/\/www.metalfach.com.pl\/skachat\/ksiazki-gwarancyjne\/"},"modified":"2024-05-15T10:52:39","modified_gmt":"2024-05-15T08:52:39","slug":"garantijnyj-talon","status":"publish","type":"page","link":"https:\/\/www.metalfach.com.pl\/ru\/skachat\/garantijnyj-talon\/","title":{"rendered":"\u0413\u0430\u0440\u0430\u043d\u0442\u0438\u0439\u043d\u044b\u0439 \u0442\u0430\u043b\u043e\u043d"},"content":{"rendered":"\t\t<div data-elementor-type=\"wp-page\" data-elementor-id=\"16059\" class=\"elementor elementor-16059 elementor-4073\" data-elementor-post-type=\"page\">\n\t\t\t\t\t\t<section class=\"elementor-section elementor-top-section elementor-element elementor-element-0fc5a9c elementor-section-height-min-height elementor-section-stretched elementor-section-boxed elementor-section-height-default elementor-section-items-middle\" data-id=\"0fc5a9c\" data-element_type=\"section\" data-e-type=\"section\" data-settings=\"{&quot;stretch_section&quot;:&quot;section-stretched&quot;,&quot;background_background&quot;:&quot;classic&quot;}\">\n\t\t\t\t\t\t\t<div class=\"elementor-background-overlay\"><\/div>\n\t\t\t\t\t\t\t<div class=\"elementor-container elementor-column-gap-default\">\n\t\t\t\t\t<div class=\"elementor-column elementor-col-50 elementor-top-column elementor-element elementor-element-e94d4d2\" data-id=\"e94d4d2\" data-element_type=\"column\" data-e-type=\"column\">\n\t\t\t<div class=\"elementor-widget-wrap elementor-element-populated\">\n\t\t\t\t\t\t<div class=\"elementor-element elementor-element-c0d6e98 elementor-widget-divider--view-line elementor-widget elementor-widget-divider\" data-id=\"c0d6e98\" data-element_type=\"widget\" data-e-type=\"widget\" data-widget_type=\"divider.default\">\n\t\t\t\t<div class=\"elementor-widget-container\">\n\t\t\t\t\t\t\t<div class=\"elementor-divider\">\n\t\t\t<span class=\"elementor-divider-separator\">\n\t\t\t\t\t\t<\/span>\n\t\t<\/div>\n\t\t\t\t\t\t<\/div>\n\t\t\t\t<\/div>\n\t\t\t\t\t<\/div>\n\t\t<\/div>\n\t\t\t\t<div class=\"elementor-column elementor-col-50 elementor-top-column elementor-element elementor-element-2cad711\" data-id=\"2cad711\" data-element_type=\"column\" data-e-type=\"column\">\n\t\t\t<div class=\"elementor-widget-wrap elementor-element-populated\">\n\t\t\t\t\t\t<div class=\"elementor-element elementor-element-af8848e elementor-hidden-desktop elementor-hidden-tablet elementor-hidden-mobile elementor-widget elementor-widget-text-editor\" data-id=\"af8848e\" data-element_type=\"widget\" data-e-type=\"widget\" data-settings=\"{&quot;_animation&quot;:&quot;none&quot;}\" data-widget_type=\"text-editor.default\">\n\t\t\t\t<div class=\"elementor-widget-container\">\n\t\t\t\t\t\t\t\t\tAby pobra\u0107 ksi\u0105\u017ck\u0119 gwarancyjn\u0105, wybierz kategori\u0119 maszyny.\t\t\t\t\t\t\t\t<\/div>\n\t\t\t\t<\/div>\n\t\t\t\t\t<\/div>\n\t\t<\/div>\n\t\t\t\t\t<\/div>\n\t\t<\/section>\n\t\t\t\t<section class=\"elementor-section elementor-top-section elementor-element elementor-element-4878497 elementor-section-boxed elementor-section-height-default elementor-section-height-default\" data-id=\"4878497\" data-element_type=\"section\" data-e-type=\"section\">\n\t\t\t\t\t\t<div class=\"elementor-container elementor-column-gap-extended\">\n\t\t\t\t\t<div class=\"elementor-column elementor-col-100 elementor-top-column elementor-element elementor-element-4fc77e5\" data-id=\"4fc77e5\" data-element_type=\"column\" data-e-type=\"column\">\n\t\t\t<div class=\"elementor-widget-wrap elementor-element-populated\">\n\t\t\t\t\t\t<div class=\"elementor-element elementor-element-4b426fe elementor-widget elementor-widget-text-editor\" data-id=\"4b426fe\" data-element_type=\"widget\" data-e-type=\"widget\" data-widget_type=\"text-editor.default\">\n\t\t\t\t<div class=\"elementor-widget-container\">\n\t\t\t\t\t\t\t\t\t<span><span><a href=\"https:\/\/www.metalfach.com.pl\/ru\/\">\u0414\u043e\u043c\u043e\u0439<\/a><\/span><\/span>\t\t\t\t\t\t\t\t<\/div>\n\t\t\t\t<\/div>\n\t\t\t\t\t<\/div>\n\t\t<\/div>\n\t\t\t\t\t<\/div>\n\t\t<\/section>\n\t\t\t\t<section class=\"elementor-section elementor-top-section elementor-element elementor-element-80e9490 elementor-section-stretched elementor-section-boxed elementor-section-height-default elementor-section-height-default\" data-id=\"80e9490\" data-element_type=\"section\" data-e-type=\"section\" data-settings=\"{&quot;stretch_section&quot;:&quot;section-stretched&quot;,&quot;shape_divider_bottom&quot;:&quot;tilt&quot;}\">\n\t\t\t\t\t<div class=\"elementor-shape elementor-shape-bottom\" aria-hidden=\"true\" data-negative=\"false\">\n\t\t\t<svg xmlns=\"http:\/\/www.w3.org\/2000\/svg\" viewBox=\"0 0 1000 100\" preserveAspectRatio=\"none\">\n\t<path class=\"elementor-shape-fill\" d=\"M0,6V0h1000v100L0,6z\"\/>\n<\/svg>\t\t<\/div>\n\t\t\t\t\t<div class=\"elementor-container elementor-column-gap-default\">\n\t\t\t\t\t<div class=\"elementor-column elementor-col-100 elementor-top-column elementor-element elementor-element-62c2ec1\" data-id=\"62c2ec1\" data-element_type=\"column\" data-e-type=\"column\">\n\t\t\t<div class=\"elementor-widget-wrap elementor-element-populated\">\n\t\t\t\t\t\t<div class=\"elementor-element elementor-element-5b41066 elementor-widget elementor-widget-heading\" data-id=\"5b41066\" data-element_type=\"widget\" data-e-type=\"widget\" data-widget_type=\"heading.default\">\n\t\t\t\t<div class=\"elementor-widget-container\">\n\t\t\t\t\t<h2 class=\"elementor-heading-title elementor-size-medium\">\u0420\u0443\u043b\u043e\u043d\u043d\u044b\u0435 \u043f\u0440\u0435\u0441\u0441-\u043f\u043e\u0434\u0431\u043e\u0440\u0449\u0438\u043a\u0438<\/h2>\t\t\t\t<\/div>\n\t\t\t\t<\/div>\n\t\t\t\t<div class=\"elementor-element elementor-element-777acf6 elementor-widget elementor-widget-heading\" data-id=\"777acf6\" data-element_type=\"widget\" data-e-type=\"widget\" data-widget_type=\"heading.default\">\n\t\t\t\t<div class=\"elementor-widget-container\">\n\t\t\t\t\t<h2 class=\"elementor-heading-title elementor-size-medium\">\u041e\u0431\u043c\u043e\u0442\u0447\u0438\u043a\u0438 \u0440\u0443\u043b\u043e\u043d\u043e\u0432<\/h2>\t\t\t\t<\/div>\n\t\t\t\t<\/div>\n\t\t\t\t<div class=\"elementor-element elementor-element-bae8309 elementor-widget elementor-widget-heading\" data-id=\"bae8309\" data-element_type=\"widget\" data-e-type=\"widget\" data-widget_type=\"heading.default\">\n\t\t\t\t<div class=\"elementor-widget-container\">\n\t\t\t\t\t<h2 class=\"elementor-heading-title elementor-size-medium\">\u041f\u043e\u0433\u0440\u0443\u0437\u0447\u0438\u043a\u0438<\/h2>\t\t\t\t<\/div>\n\t\t\t\t<\/div>\n\t\t\t\t<div class=\"elementor-element elementor-element-046bdab elementor-widget elementor-widget-heading\" data-id=\"046bdab\" data-element_type=\"widget\" data-e-type=\"widget\" data-widget_type=\"heading.default\">\n\t\t\t\t<div class=\"elementor-widget-container\">\n\t\t\t\t\t<h2 class=\"elementor-heading-title elementor-size-medium\">\u041d\u0430\u0432\u0435\u0441\u043d\u043e\u0435 \u043e\u0431\u043e\u0440\u0443\u0434\u043e\u0432\u0430\u043d\u0438\u0435 \u0434\u043b\u044f \u0424\u0440\u043e\u043d\u0442\u0430\u043b\u044c\u043d\u044b\u0445 \u043f\u043e\u0433\u0440\u0443\u0437\u0447\u0438\u043a\u043e\u0432<\/h2>\t\t\t\t<\/div>\n\t\t\t\t<\/div>\n\t\t\t\t<div class=\"elementor-element elementor-element-0fe837d elementor-widget elementor-widget-heading\" data-id=\"0fe837d\" data-element_type=\"widget\" data-e-type=\"widget\" data-widget_type=\"heading.default\">\n\t\t\t\t<div class=\"elementor-widget-container\">\n\t\t\t\t\t<h2 class=\"elementor-heading-title elementor-size-medium\">\u041a\u043e\u0440\u043c\u043e\u0440\u0430\u0437\u0434\u0430\u0442\u0447\u0438\u043a\u0438 <\/h2>\t\t\t\t<\/div>\n\t\t\t\t<\/div>\n\t\t\t\t<div class=\"elementor-element elementor-element-be970df elementor-widget elementor-widget-heading\" data-id=\"be970df\" data-element_type=\"widget\" data-e-type=\"widget\" data-widget_type=\"heading.default\">\n\t\t\t\t<div class=\"elementor-widget-container\">\n\t\t\t\t\t<h2 class=\"elementor-heading-title elementor-size-medium\">\u041d\u0430\u0432\u043e\u0437\u043e\u0440\u0430\u0437\u0431\u0440\u0430\u0441\u044b\u0432\u0430\u0442\u0435\u043b\u0438<\/h2>\t\t\t\t<\/div>\n\t\t\t\t<\/div>\n\t\t\t\t<div class=\"elementor-element elementor-element-8cf3ca4 elementor-widget elementor-widget-heading\" data-id=\"8cf3ca4\" data-element_type=\"widget\" data-e-type=\"widget\" data-widget_type=\"heading.default\">\n\t\t\t\t<div class=\"elementor-widget-container\">\n\t\t\t\t\t<h2 class=\"elementor-heading-title elementor-size-medium\">\u041f\u0440\u0438\u0446\u0435\u043f\u044b<\/h2>\t\t\t\t<\/div>\n\t\t\t\t<\/div>\n\t\t\t\t<div class=\"elementor-element elementor-element-853ac77 elementor-widget elementor-widget-heading\" data-id=\"853ac77\" data-element_type=\"widget\" data-e-type=\"widget\" data-widget_type=\"heading.default\">\n\t\t\t\t<div class=\"elementor-widget-container\">\n\t\t\t\t\t<h2 class=\"elementor-heading-title elementor-size-medium\">\u041f\u043e\u0447\u0432\u043e\u043e\u0431\u0440\u0430\u0431\u0430\u0442\u044b\u0432\u0430\u044e\u0449\u0430\u044f \u0422\u0435\u0445\u043d\u0438\u043a\u0430<\/h2>\t\t\t\t<\/div>\n\t\t\t\t<\/div>\n\t\t\t\t\t<\/div>\n\t\t<\/div>\n\t\t\t\t\t<\/div>\n\t\t<\/section>\n\t\t\t\t<\/div>\n\t\t","protected":false},"excerpt":{"rendered":"<p>Aby pobra\u0107 ksi\u0105\u017ck\u0119 gwarancyjn\u0105, wybierz kategori\u0119 maszyny. \u0420\u0443\u043b\u043e\u043d\u043d\u044b\u0435 \u043f\u0440\u0435\u0441\u0441-\u043f\u043e\u0434\u0431\u043e\u0440\u0449\u0438\u043a\u0438 \u0413\u0430\u0440\u0430\u043d\u0442\u0438\u0439\u043d\u044b\u0439 \u0442\u0430\u043b\u043e\u043d &#8212; \u0420\u0443\u043b\u043e\u043d\u043d\u044b\u0435 \u043f\u0440\u0435\u0441\u0441-\u043f\u043e\u0434\u0431\u043e\u0440\u0449\u0438\u043a\u0438 Metal-Fach \u041e\u0431\u043c\u043e\u0442\u0447\u0438\u043a\u0438 \u0440\u0443\u043b\u043e\u043d\u043e\u0432 \u0413\u0430\u0440\u0430\u043d\u0442\u0438\u0439\u043d\u044b\u0439 \u0442\u0430\u043b\u043e\u043d &#8212; \u041e\u0431\u043c\u043e\u0442\u0447\u0438\u043a\u0438 \u0440\u0443\u043b\u043e\u043d\u043e\u0432 Metal-Fach \u041f\u043e\u0433\u0440\u0443\u0437\u0447\u0438\u043a\u0438 \u0413\u0430\u0440\u0430\u043d\u0442\u0438\u0439\u043d\u044b\u0439 \u0442\u0430\u043b\u043e\u043d &#8212; \u041f\u043e\u0433\u0440\u0443\u0437\u0447\u0438\u043a\u0438 Metal-Fach \u041d\u0430\u0432\u0435\u0441\u043d\u043e\u0435 \u043e\u0431\u043e\u0440\u0443\u0434\u043e\u0432\u0430\u043d\u0438\u0435 \u0434\u043b\u044f \u0424\u0440\u043e\u043d\u0442\u0430\u043b\u044c\u043d\u044b\u0445 \u043f\u043e\u0433\u0440\u0443\u0437\u0447\u0438\u043a\u043e\u0432 \u0413\u0430\u0440\u0430\u043d\u0442\u0438\u0439\u043d\u044b\u0439 \u0442\u0430\u043b\u043e\u043d &#8212; \u041d\u0430\u0432\u0435\u0441\u043d\u043e\u0435 \u043e\u0431\u043e\u0440\u0443\u0434\u043e\u0432\u0430\u043d\u0438\u0435 \u0434\u043b\u044f \u0424\u0440\u043e\u043d\u0442\u0430\u043b\u044c\u043d\u044b\u0445 \u043f\u043e\u0433\u0440\u0443\u0437\u0447\u0438\u043a\u043e\u0432 Metal-Fach \u041a\u043e\u0440\u043c\u043e\u0440\u0430\u0437\u0434\u0430\u0442\u0447\u0438\u043a\u0438 \u0413\u0430\u0440\u0430\u043d\u0442\u0438\u0439\u043d\u044b\u0439 \u0442\u0430\u043b\u043e\u043d &#8212; \u041a\u043e\u0440\u043c\u043e\u0440\u0430\u0437\u0434\u0430\u0442\u0447\u0438\u043a\u0438 Metal-Fach \u041d\u0430\u0432\u043e\u0437\u043e\u0440\u0430\u0437\u0431\u0440\u0430\u0441\u044b\u0432\u0430\u0442\u0435\u043b\u0438 \u0413\u0430\u0440\u0430\u043d\u0442\u0438\u0439\u043d\u044b\u0439 \u0442\u0430\u043b\u043e\u043d &#8212; \u041d\u0430\u0432\u043e\u0437\u043e\u0440\u0430\u0437\u0431\u0440\u0430\u0441\u044b\u0432\u0430\u0442\u0435\u043b\u0438 MF [&hellip;]<\/p>\n","protected":false},"author":2,"featured_media":0,"parent":16052,"menu_order":3,"comment_status":"closed","ping_status":"closed","template":"","meta":{"_acf_changed":false,"footnotes":""},"class_list":["post-16059","page","type-page","status-publish","hentry"],"acf":[],"yoast_head":"<!-- This site is optimized with the Yoast SEO plugin v27.6 - https:\/\/yoast.com\/product\/yoast-seo-wordpress\/ -->\n<title>\u0413\u0430\u0440\u0430\u043d\u0442\u0438\u0439\u043d\u044b\u0439 \u0442\u0430\u043b\u043e\u043d - Metal-Fach<\/title>\n<meta name=\"robots\" content=\"index, follow, max-snippet:-1, max-image-preview:large, max-video-preview:-1\" \/>\n<link rel=\"canonical\" href=\"https:\/\/www.metalfach.com.pl\/ru\/skachat\/garantijnyj-talon\/\" \/>\n<meta property=\"og:locale\" content=\"ru_RU\" \/>\n<meta property=\"og:type\" content=\"article\" \/>\n<meta property=\"og:title\" content=\"\u0413\u0430\u0440\u0430\u043d\u0442\u0438\u0439\u043d\u044b\u0439 \u0442\u0430\u043b\u043e\u043d - Metal-Fach\" \/>\n<meta property=\"og:description\" content=\"Aby pobra\u0107 ksi\u0105\u017ck\u0119 gwarancyjn\u0105, wybierz kategori\u0119 maszyny. \u0420\u0443\u043b\u043e\u043d\u043d\u044b\u0435 \u043f\u0440\u0435\u0441\u0441-\u043f\u043e\u0434\u0431\u043e\u0440\u0449\u0438\u043a\u0438 \u0413\u0430\u0440\u0430\u043d\u0442\u0438\u0439\u043d\u044b\u0439 \u0442\u0430\u043b\u043e\u043d &#8212; \u0420\u0443\u043b\u043e\u043d\u043d\u044b\u0435 \u043f\u0440\u0435\u0441\u0441-\u043f\u043e\u0434\u0431\u043e\u0440\u0449\u0438\u043a\u0438 Metal-Fach \u041e\u0431\u043c\u043e\u0442\u0447\u0438\u043a\u0438 \u0440\u0443\u043b\u043e\u043d\u043e\u0432 \u0413\u0430\u0440\u0430\u043d\u0442\u0438\u0439\u043d\u044b\u0439 \u0442\u0430\u043b\u043e\u043d &#8212; \u041e\u0431\u043c\u043e\u0442\u0447\u0438\u043a\u0438 \u0440\u0443\u043b\u043e\u043d\u043e\u0432 Metal-Fach \u041f\u043e\u0433\u0440\u0443\u0437\u0447\u0438\u043a\u0438 \u0413\u0430\u0440\u0430\u043d\u0442\u0438\u0439\u043d\u044b\u0439 \u0442\u0430\u043b\u043e\u043d &#8212; \u041f\u043e\u0433\u0440\u0443\u0437\u0447\u0438\u043a\u0438 Metal-Fach \u041d\u0430\u0432\u0435\u0441\u043d\u043e\u0435 \u043e\u0431\u043e\u0440\u0443\u0434\u043e\u0432\u0430\u043d\u0438\u0435 \u0434\u043b\u044f \u0424\u0440\u043e\u043d\u0442\u0430\u043b\u044c\u043d\u044b\u0445 \u043f\u043e\u0433\u0440\u0443\u0437\u0447\u0438\u043a\u043e\u0432 \u0413\u0430\u0440\u0430\u043d\u0442\u0438\u0439\u043d\u044b\u0439 \u0442\u0430\u043b\u043e\u043d &#8212; \u041d\u0430\u0432\u0435\u0441\u043d\u043e\u0435 \u043e\u0431\u043e\u0440\u0443\u0434\u043e\u0432\u0430\u043d\u0438\u0435 \u0434\u043b\u044f \u0424\u0440\u043e\u043d\u0442\u0430\u043b\u044c\u043d\u044b\u0445 \u043f\u043e\u0433\u0440\u0443\u0437\u0447\u0438\u043a\u043e\u0432 Metal-Fach \u041a\u043e\u0440\u043c\u043e\u0440\u0430\u0437\u0434\u0430\u0442\u0447\u0438\u043a\u0438 \u0413\u0430\u0440\u0430\u043d\u0442\u0438\u0439\u043d\u044b\u0439 \u0442\u0430\u043b\u043e\u043d &#8212; \u041a\u043e\u0440\u043c\u043e\u0440\u0430\u0437\u0434\u0430\u0442\u0447\u0438\u043a\u0438 Metal-Fach \u041d\u0430\u0432\u043e\u0437\u043e\u0440\u0430\u0437\u0431\u0440\u0430\u0441\u044b\u0432\u0430\u0442\u0435\u043b\u0438 \u0413\u0430\u0440\u0430\u043d\u0442\u0438\u0439\u043d\u044b\u0439 \u0442\u0430\u043b\u043e\u043d &#8212; \u041d\u0430\u0432\u043e\u0437\u043e\u0440\u0430\u0437\u0431\u0440\u0430\u0441\u044b\u0432\u0430\u0442\u0435\u043b\u0438 MF [&hellip;]\" \/>\n<meta property=\"og:url\" content=\"https:\/\/www.metalfach.com.pl\/ru\/skachat\/garantijnyj-talon\/\" \/>\n<meta property=\"og:site_name\" content=\"Metal-Fach\" \/>\n<meta property=\"article:publisher\" content=\"http:\/\/www.facebook.pl\/MetalFachOfficial\" \/>\n<meta property=\"article:modified_time\" content=\"2024-05-15T08:52:39+00:00\" \/>\n<meta name=\"twitter:card\" content=\"summary_large_image\" \/>\n<meta name=\"twitter:label1\" content=\"\u041f\u0440\u0438\u043c\u0435\u0440\u043d\u043e\u0435 \u0432\u0440\u0435\u043c\u044f \u0434\u043b\u044f \u0447\u0442\u0435\u043d\u0438\u044f\" \/>\n\t<meta name=\"twitter:data1\" content=\"1 \u043c\u0438\u043d\u0443\u0442\u0430\" \/>\n<script type=\"application\/ld+json\" class=\"yoast-schema-graph\">{\"@context\":\"https:\\\/\\\/schema.org\",\"@graph\":[{\"@type\":\"WebPage\",\"@id\":\"https:\\\/\\\/www.metalfach.com.pl\\\/ru\\\/skachat\\\/garantijnyj-talon\\\/\",\"url\":\"https:\\\/\\\/www.metalfach.com.pl\\\/ru\\\/skachat\\\/garantijnyj-talon\\\/\",\"name\":\"\u0413\u0430\u0440\u0430\u043d\u0442\u0438\u0439\u043d\u044b\u0439 \u0442\u0430\u043b\u043e\u043d - Metal-Fach\",\"isPartOf\":{\"@id\":\"https:\\\/\\\/www.metalfach.com.pl\\\/ru\\\/#website\"},\"datePublished\":\"2019-09-24T19:08:19+00:00\",\"dateModified\":\"2024-05-15T08:52:39+00:00\",\"breadcrumb\":{\"@id\":\"https:\\\/\\\/www.metalfach.com.pl\\\/ru\\\/skachat\\\/garantijnyj-talon\\\/#breadcrumb\"},\"inLanguage\":\"ru-RU\",\"potentialAction\":[{\"@type\":\"ReadAction\",\"target\":[\"https:\\\/\\\/www.metalfach.com.pl\\\/ru\\\/skachat\\\/garantijnyj-talon\\\/\"]}]},{\"@type\":\"BreadcrumbList\",\"@id\":\"https:\\\/\\\/www.metalfach.com.pl\\\/ru\\\/skachat\\\/garantijnyj-talon\\\/#breadcrumb\",\"itemListElement\":[{\"@type\":\"ListItem\",\"position\":1,\"name\":\"\u0414\u043e\u043c\u043e\u0439\",\"item\":\"https:\\\/\\\/www.metalfach.com.pl\\\/ru\\\/\"},{\"@type\":\"ListItem\",\"position\":2,\"name\":\"\u0421\u043a\u0430\u0447\u0430\u0442\u044c\",\"item\":\"https:\\\/\\\/www.metalfach.com.pl\\\/ru\\\/skachat\\\/\"},{\"@type\":\"ListItem\",\"position\":3,\"name\":\"\u0413\u0430\u0440\u0430\u043d\u0442\u0438\u0439\u043d\u044b\u0439 \u0442\u0430\u043b\u043e\u043d\"}]},{\"@type\":\"WebSite\",\"@id\":\"https:\\\/\\\/www.metalfach.com.pl\\\/ru\\\/#website\",\"url\":\"https:\\\/\\\/www.metalfach.com.pl\\\/ru\\\/\",\"name\":\"Metal-Fach\",\"description\":\"Prasy zwijaj\u0105ce, owijarki bel, \u0142adowacze czo\u0142owe, wozy paszowe, rozrzutniki obornika, przyczepy rolnicze, agregaty uprawowe\",\"publisher\":{\"@id\":\"https:\\\/\\\/www.metalfach.com.pl\\\/ru\\\/#organization\"},\"potentialAction\":[{\"@type\":\"SearchAction\",\"target\":{\"@type\":\"EntryPoint\",\"urlTemplate\":\"https:\\\/\\\/www.metalfach.com.pl\\\/ru\\\/?s={search_term_string}\"},\"query-input\":{\"@type\":\"PropertyValueSpecification\",\"valueRequired\":true,\"valueName\":\"search_term_string\"}}],\"inLanguage\":\"ru-RU\"},{\"@type\":\"Organization\",\"@id\":\"https:\\\/\\\/www.metalfach.com.pl\\\/ru\\\/#organization\",\"name\":\"Metal-Fach\",\"url\":\"https:\\\/\\\/www.metalfach.com.pl\\\/ru\\\/\",\"logo\":{\"@type\":\"ImageObject\",\"inLanguage\":\"ru-RU\",\"@id\":\"https:\\\/\\\/www.metalfach.com.pl\\\/ru\\\/#\\\/schema\\\/logo\\\/image\\\/\",\"url\":\"https:\\\/\\\/www.metalfach.com.pl\\\/wp-content\\\/uploads\\\/metalfach-logo-horizontal-r.svg\",\"contentUrl\":\"https:\\\/\\\/www.metalfach.com.pl\\\/wp-content\\\/uploads\\\/metalfach-logo-horizontal-r.svg\",\"width\":777,\"height\":207,\"caption\":\"Metal-Fach\"},\"image\":{\"@id\":\"https:\\\/\\\/www.metalfach.com.pl\\\/ru\\\/#\\\/schema\\\/logo\\\/image\\\/\"},\"sameAs\":[\"http:\\\/\\\/www.facebook.pl\\\/MetalFachOfficial\",\"https:\\\/\\\/www.instagram.com\\\/metalfach_official\\\/\",\"https:\\\/\\\/www.linkedin.com\\\/company\\\/metal-fach\",\"https:\\\/\\\/www.youtube.com\\\/user\\\/metalfach1\",\"https:\\\/\\\/www.tiktok.com\\\/@metalfach_official\"]}]}<\/script>\n<!-- \/ Yoast SEO plugin. -->","yoast_head_json":{"title":"\u0413\u0430\u0440\u0430\u043d\u0442\u0438\u0439\u043d\u044b\u0439 \u0442\u0430\u043b\u043e\u043d - Metal-Fach","robots":{"index":"index","follow":"follow","max-snippet":"max-snippet:-1","max-image-preview":"max-image-preview:large","max-video-preview":"max-video-preview:-1"},"canonical":"https:\/\/www.metalfach.com.pl\/ru\/skachat\/garantijnyj-talon\/","og_locale":"ru_RU","og_type":"article","og_title":"\u0413\u0430\u0440\u0430\u043d\u0442\u0438\u0439\u043d\u044b\u0439 \u0442\u0430\u043b\u043e\u043d - Metal-Fach","og_description":"Aby pobra\u0107 ksi\u0105\u017ck\u0119 gwarancyjn\u0105, wybierz kategori\u0119 maszyny. \u0420\u0443\u043b\u043e\u043d\u043d\u044b\u0435 \u043f\u0440\u0435\u0441\u0441-\u043f\u043e\u0434\u0431\u043e\u0440\u0449\u0438\u043a\u0438 \u0413\u0430\u0440\u0430\u043d\u0442\u0438\u0439\u043d\u044b\u0439 \u0442\u0430\u043b\u043e\u043d &#8212; \u0420\u0443\u043b\u043e\u043d\u043d\u044b\u0435 \u043f\u0440\u0435\u0441\u0441-\u043f\u043e\u0434\u0431\u043e\u0440\u0449\u0438\u043a\u0438 Metal-Fach \u041e\u0431\u043c\u043e\u0442\u0447\u0438\u043a\u0438 \u0440\u0443\u043b\u043e\u043d\u043e\u0432 \u0413\u0430\u0440\u0430\u043d\u0442\u0438\u0439\u043d\u044b\u0439 \u0442\u0430\u043b\u043e\u043d &#8212; \u041e\u0431\u043c\u043e\u0442\u0447\u0438\u043a\u0438 \u0440\u0443\u043b\u043e\u043d\u043e\u0432 Metal-Fach \u041f\u043e\u0433\u0440\u0443\u0437\u0447\u0438\u043a\u0438 \u0413\u0430\u0440\u0430\u043d\u0442\u0438\u0439\u043d\u044b\u0439 \u0442\u0430\u043b\u043e\u043d &#8212; \u041f\u043e\u0433\u0440\u0443\u0437\u0447\u0438\u043a\u0438 Metal-Fach \u041d\u0430\u0432\u0435\u0441\u043d\u043e\u0435 \u043e\u0431\u043e\u0440\u0443\u0434\u043e\u0432\u0430\u043d\u0438\u0435 \u0434\u043b\u044f \u0424\u0440\u043e\u043d\u0442\u0430\u043b\u044c\u043d\u044b\u0445 \u043f\u043e\u0433\u0440\u0443\u0437\u0447\u0438\u043a\u043e\u0432 \u0413\u0430\u0440\u0430\u043d\u0442\u0438\u0439\u043d\u044b\u0439 \u0442\u0430\u043b\u043e\u043d &#8212; \u041d\u0430\u0432\u0435\u0441\u043d\u043e\u0435 \u043e\u0431\u043e\u0440\u0443\u0434\u043e\u0432\u0430\u043d\u0438\u0435 \u0434\u043b\u044f \u0424\u0440\u043e\u043d\u0442\u0430\u043b\u044c\u043d\u044b\u0445 \u043f\u043e\u0433\u0440\u0443\u0437\u0447\u0438\u043a\u043e\u0432 Metal-Fach \u041a\u043e\u0440\u043c\u043e\u0440\u0430\u0437\u0434\u0430\u0442\u0447\u0438\u043a\u0438 \u0413\u0430\u0440\u0430\u043d\u0442\u0438\u0439\u043d\u044b\u0439 \u0442\u0430\u043b\u043e\u043d &#8212; \u041a\u043e\u0440\u043c\u043e\u0440\u0430\u0437\u0434\u0430\u0442\u0447\u0438\u043a\u0438 Metal-Fach \u041d\u0430\u0432\u043e\u0437\u043e\u0440\u0430\u0437\u0431\u0440\u0430\u0441\u044b\u0432\u0430\u0442\u0435\u043b\u0438 \u0413\u0430\u0440\u0430\u043d\u0442\u0438\u0439\u043d\u044b\u0439 \u0442\u0430\u043b\u043e\u043d &#8212; \u041d\u0430\u0432\u043e\u0437\u043e\u0440\u0430\u0437\u0431\u0440\u0430\u0441\u044b\u0432\u0430\u0442\u0435\u043b\u0438 MF [&hellip;]","og_url":"https:\/\/www.metalfach.com.pl\/ru\/skachat\/garantijnyj-talon\/","og_site_name":"Metal-Fach","article_publisher":"http:\/\/www.facebook.pl\/MetalFachOfficial","article_modified_time":"2024-05-15T08:52:39+00:00","twitter_card":"summary_large_image","twitter_misc":{"\u041f\u0440\u0438\u043c\u0435\u0440\u043d\u043e\u0435 \u0432\u0440\u0435\u043c\u044f \u0434\u043b\u044f \u0447\u0442\u0435\u043d\u0438\u044f":"1 \u043c\u0438\u043d\u0443\u0442\u0430"},"schema":{"@context":"https:\/\/schema.org","@graph":[{"@type":"WebPage","@id":"https:\/\/www.metalfach.com.pl\/ru\/skachat\/garantijnyj-talon\/","url":"https:\/\/www.metalfach.com.pl\/ru\/skachat\/garantijnyj-talon\/","name":"\u0413\u0430\u0440\u0430\u043d\u0442\u0438\u0439\u043d\u044b\u0439 \u0442\u0430\u043b\u043e\u043d - Metal-Fach","isPartOf":{"@id":"https:\/\/www.metalfach.com.pl\/ru\/#website"},"datePublished":"2019-09-24T19:08:19+00:00","dateModified":"2024-05-15T08:52:39+00:00","breadcrumb":{"@id":"https:\/\/www.metalfach.com.pl\/ru\/skachat\/garantijnyj-talon\/#breadcrumb"},"inLanguage":"ru-RU","potentialAction":[{"@type":"ReadAction","target":["https:\/\/www.metalfach.com.pl\/ru\/skachat\/garantijnyj-talon\/"]}]},{"@type":"BreadcrumbList","@id":"https:\/\/www.metalfach.com.pl\/ru\/skachat\/garantijnyj-talon\/#breadcrumb","itemListElement":[{"@type":"ListItem","position":1,"name":"\u0414\u043e\u043c\u043e\u0439","item":"https:\/\/www.metalfach.com.pl\/ru\/"},{"@type":"ListItem","position":2,"name":"\u0421\u043a\u0430\u0447\u0430\u0442\u044c","item":"https:\/\/www.metalfach.com.pl\/ru\/skachat\/"},{"@type":"ListItem","position":3,"name":"\u0413\u0430\u0440\u0430\u043d\u0442\u0438\u0439\u043d\u044b\u0439 \u0442\u0430\u043b\u043e\u043d"}]},{"@type":"WebSite","@id":"https:\/\/www.metalfach.com.pl\/ru\/#website","url":"https:\/\/www.metalfach.com.pl\/ru\/","name":"Metal-Fach","description":"Prasy zwijaj\u0105ce, owijarki bel, \u0142adowacze czo\u0142owe, wozy paszowe, rozrzutniki obornika, przyczepy rolnicze, agregaty uprawowe","publisher":{"@id":"https:\/\/www.metalfach.com.pl\/ru\/#organization"},"potentialAction":[{"@type":"SearchAction","target":{"@type":"EntryPoint","urlTemplate":"https:\/\/www.metalfach.com.pl\/ru\/?s={search_term_string}"},"query-input":{"@type":"PropertyValueSpecification","valueRequired":true,"valueName":"search_term_string"}}],"inLanguage":"ru-RU"},{"@type":"Organization","@id":"https:\/\/www.metalfach.com.pl\/ru\/#organization","name":"Metal-Fach","url":"https:\/\/www.metalfach.com.pl\/ru\/","logo":{"@type":"ImageObject","inLanguage":"ru-RU","@id":"https:\/\/www.metalfach.com.pl\/ru\/#\/schema\/logo\/image\/","url":"https:\/\/www.metalfach.com.pl\/wp-content\/uploads\/metalfach-logo-horizontal-r.svg","contentUrl":"https:\/\/www.metalfach.com.pl\/wp-content\/uploads\/metalfach-logo-horizontal-r.svg","width":777,"height":207,"caption":"Metal-Fach"},"image":{"@id":"https:\/\/www.metalfach.com.pl\/ru\/#\/schema\/logo\/image\/"},"sameAs":["http:\/\/www.facebook.pl\/MetalFachOfficial","https:\/\/www.instagram.com\/metalfach_official\/","https:\/\/www.linkedin.com\/company\/metal-fach","https:\/\/www.youtube.com\/user\/metalfach1","https:\/\/www.tiktok.com\/@metalfach_official"]}]}},"_links":{"self":[{"href":"https:\/\/www.metalfach.com.pl\/ru\/wp-json\/wp\/v2\/pages\/16059","targetHints":{"allow":["GET"]}}],"collection":[{"href":"https:\/\/www.metalfach.com.pl\/ru\/wp-json\/wp\/v2\/pages"}],"about":[{"href":"https:\/\/www.metalfach.com.pl\/ru\/wp-json\/wp\/v2\/types\/page"}],"author":[{"embeddable":true,"href":"https:\/\/www.metalfach.com.pl\/ru\/wp-json\/wp\/v2\/users\/2"}],"replies":[{"embeddable":true,"href":"https:\/\/www.metalfach.com.pl\/ru\/wp-json\/wp\/v2\/comments?post=16059"}],"version-history":[{"count":0,"href":"https:\/\/www.metalfach.com.pl\/ru\/wp-json\/wp\/v2\/pages\/16059\/revisions"}],"up":[{"embeddable":true,"href":"https:\/\/www.metalfach.com.pl\/ru\/wp-json\/wp\/v2\/pages\/16052"}],"wp:attachment":[{"href":"https:\/\/www.metalfach.com.pl\/ru\/wp-json\/wp\/v2\/media?parent=16059"}],"curies":[{"name":"wp","href":"https:\/\/api.w.org\/{rel}","templated":true}]}}