{"id":12516,"date":"2019-03-29T16:39:30","date_gmt":"2019-03-29T15:39:30","guid":{"rendered":"http:\/\/www.metalfach.com.pl\/%d0%be-%d0%bd%d0%b0%d1%81\/historia\/"},"modified":"2022-05-19T07:35:48","modified_gmt":"2022-05-19T05:35:48","slug":"istoriya","status":"publish","type":"page","link":"https:\/\/www.metalfach.com.pl\/ru\/o-nas\/istoriya\/","title":{"rendered":"\u0418\u0441\u0442\u043e\u0440\u0438\u044f"},"content":{"rendered":"\t\t<div data-elementor-type=\"wp-page\" data-elementor-id=\"12516\" class=\"elementor elementor-12516 elementor-1045\" data-elementor-post-type=\"page\">\n\t\t\t\t\t\t<section class=\"elementor-section elementor-top-section elementor-element elementor-element-31bbf78a elementor-section-height-min-height elementor-section-stretched elementor-section-boxed elementor-section-height-default elementor-section-items-middle\" data-id=\"31bbf78a\" data-element_type=\"section\" data-e-type=\"section\" data-settings=\"{&quot;stretch_section&quot;:&quot;section-stretched&quot;,&quot;background_background&quot;:&quot;classic&quot;}\">\n\t\t\t\t\t\t\t<div class=\"elementor-background-overlay\"><\/div>\n\t\t\t\t\t\t\t<div class=\"elementor-container elementor-column-gap-default\">\n\t\t\t\t\t<div class=\"elementor-column elementor-col-50 elementor-top-column elementor-element elementor-element-3a2d4fbe\" data-id=\"3a2d4fbe\" data-element_type=\"column\" data-e-type=\"column\">\n\t\t\t<div class=\"elementor-widget-wrap elementor-element-populated\">\n\t\t\t\t\t\t<div class=\"elementor-element elementor-element-8db4cb9 elementor-widget-divider--view-line elementor-widget elementor-widget-divider\" data-id=\"8db4cb9\" data-element_type=\"widget\" data-e-type=\"widget\" data-widget_type=\"divider.default\">\n\t\t\t\t<div class=\"elementor-widget-container\">\n\t\t\t\t\t\t\t<div class=\"elementor-divider\">\n\t\t\t<span class=\"elementor-divider-separator\">\n\t\t\t\t\t\t<\/span>\n\t\t<\/div>\n\t\t\t\t\t\t<\/div>\n\t\t\t\t<\/div>\n\t\t\t\t\t<\/div>\n\t\t<\/div>\n\t\t\t\t<div class=\"elementor-column elementor-col-50 elementor-top-column elementor-element elementor-element-1ddfc6a3\" data-id=\"1ddfc6a3\" data-element_type=\"column\" data-e-type=\"column\">\n\t\t\t<div class=\"elementor-widget-wrap elementor-element-populated\">\n\t\t\t\t\t\t<div class=\"elementor-element elementor-element-4ff6b827 elementor-widget elementor-widget-text-editor\" data-id=\"4ff6b827\" data-element_type=\"widget\" data-e-type=\"widget\" data-widget_type=\"text-editor.default\">\n\t\t\t\t<div class=\"elementor-widget-container\">\n\t\t\t\t\t\t\t\t\t<p><strong>\u0423\u0437\u043d\u0430\u0439\u0442\u0435 \u043d\u0430\u0448\u0443 \u0438\u0441\u0442\u043e\u0440\u0438\u044e<\/strong><\/p>\t\t\t\t\t\t\t\t<\/div>\n\t\t\t\t<\/div>\n\t\t\t\t\t<\/div>\n\t\t<\/div>\n\t\t\t\t\t<\/div>\n\t\t<\/section>\n\t\t\t\t<section class=\"elementor-section elementor-top-section elementor-element elementor-element-74d42f66 elementor-section-content-middle breadcrumbs_seo elementor-section-boxed elementor-section-height-default elementor-section-height-default\" data-id=\"74d42f66\" data-element_type=\"section\" data-e-type=\"section\">\n\t\t\t\t\t\t<div class=\"elementor-container elementor-column-gap-extended\">\n\t\t\t\t\t<div class=\"elementor-column elementor-col-100 elementor-top-column elementor-element elementor-element-5cf82821\" data-id=\"5cf82821\" data-element_type=\"column\" data-e-type=\"column\">\n\t\t\t<div class=\"elementor-widget-wrap elementor-element-populated\">\n\t\t\t\t\t\t<div class=\"elementor-element elementor-element-5edbfe89 elementor-widget elementor-widget-text-editor\" data-id=\"5edbfe89\" data-element_type=\"widget\" data-e-type=\"widget\" data-widget_type=\"text-editor.default\">\n\t\t\t\t<div class=\"elementor-widget-container\">\n\t\t\t\t\t\t\t\t\t<span><span><a href=\"https:\/\/www.metalfach.com.pl\/ru\/\">\u0414\u043e\u043c\u043e\u0439<\/a><\/span><\/span>\t\t\t\t\t\t\t\t<\/div>\n\t\t\t\t<\/div>\n\t\t\t\t\t<\/div>\n\t\t<\/div>\n\t\t\t\t\t<\/div>\n\t\t<\/section>\n\t\t\t\t<section class=\"elementor-section elementor-top-section elementor-element elementor-element-4ce211a4 elementor-section-full_width elementor-section-height-default elementor-section-height-default\" data-id=\"4ce211a4\" data-element_type=\"section\" data-e-type=\"section\">\n\t\t\t\t\t\t<div class=\"elementor-container elementor-column-gap-default\">\n\t\t\t\t\t<div class=\"elementor-column elementor-col-100 elementor-top-column elementor-element elementor-element-4d157d16\" data-id=\"4d157d16\" data-element_type=\"column\" data-e-type=\"column\">\n\t\t\t<div class=\"elementor-widget-wrap\">\n\t\t\t\t\t\t\t<\/div>\n\t\t<\/div>\n\t\t\t\t\t<\/div>\n\t\t<\/section>\n\t\t\t\t<\/div>\n\t\t","protected":false},"excerpt":{"rendered":"<p>\u0423\u0437\u043d\u0430\u0439\u0442\u0435 \u043d\u0430\u0448\u0443 \u0438\u0441\u0442\u043e\u0440\u0438\u044e \u041e\u0441\u043d\u043e\u0432\u0430\u043d\u0438\u0435 \u043a\u043e\u043c\u043f\u0430\u043d\u0438\u0438 1989 \u041e\u0441\u043d\u043e\u0432\u0430\u0442\u0435\u043b\u0435\u043c \u043f\u0440\u0435\u0434\u043f\u0440\u0438\u044f\u0442\u0438\u044f \u0431\u044b\u043b \u0421\u0442\u0430\u043d\u0438\u0441\u043b\u0430\u0432 \u041a\u0443\u0445\u0430\u0440\u0435\u0432\u0438\u0447, \u043e\u0442\u0435\u0446 \u043d\u044b\u043d\u0435\u0448\u043d\u0435\u0433\u043e \u041f\u0440\u0435\u0434\u0441\u0435\u0434\u0430\u0442\u0435\u043b\u044f \u043f\u0440\u0430\u0432\u043b\u0435\u043d\u0438\u044f \u0438 \u0432\u043b\u0430\u0434\u0435\u043b\u044c\u0446\u0430 \u043f\u0440\u0435\u0434\u043f\u0440\u0438\u044f\u0442\u0438\u044f \u042f\u0446\u0435\u043a\u0430 \u041a\u0443\u0445\u0430\u0440\u0435\u0432\u0438\u0447\u0430, \u043a\u043e\u0442\u043e\u0440\u044b\u0439 \u0432\u043c\u0435\u0441\u0442\u0435 \u0441\u043e \u0441\u0432\u043e\u0435\u0439 \u0436\u0435\u043d\u043e\u0439 \u041a\u0430\u0442\u0430\u0436\u0438\u043d\u043e\u0439 \u0440\u0443\u043a\u043e\u0432\u043e\u0434\u0438\u0442 \u043f\u0440\u0435\u0434\u043f\u0440\u0438\u044f\u0442\u0438\u0435\u043c \u0441 \u0441\u0430\u043c\u043e\u0433\u043e \u043d\u0430\u0447\u0430\u043b\u0430 \u0435\u0433\u043e \u0441\u0443\u0449\u0435\u0441\u0442\u0432\u043e\u0432\u0430\u043d\u0438\u044f. \u041d\u0430\u0447\u0430\u043b\u043e \u0434\u0435\u044f\u0442\u0435\u043b\u044c\u043d\u043e\u0441\u0442\u0438 1989 &#8212; 1990 \u041e\u0442\u043a\u0440\u044b\u0442\u0438\u0435 \u0438 \u0432\u0435\u0434\u0435\u043d\u0438\u0435 \u0431\u0438\u0437\u043d\u0435\u0441\u0430 \u0432 \u0442\u043e \u0432\u0440\u0435\u043c\u044f \u0431\u044b\u043b\u043e \u043e\u0447\u0435\u043d\u044c \u0441\u043b\u043e\u0436\u043d\u043e\u0439 \u0437\u0430\u0434\u0430\u0447\u0435\u0439. \u0417\u0430 \u0434\u0435\u043d\u044c\u0433\u0438 \u043e\u0442 \u043f\u0440\u043e\u0434\u0430\u0436\u0438 \u043c\u043e\u0442\u043e\u0446\u0438\u043a\u043b\u0430 MZ [&hellip;]<\/p>\n","protected":false},"author":2,"featured_media":0,"parent":12512,"menu_order":1,"comment_status":"closed","ping_status":"closed","template":"","meta":{"_acf_changed":false,"footnotes":""},"class_list":["post-12516","page","type-page","status-publish","hentry"],"acf":[],"yoast_head":"<!-- This site is optimized with the Yoast SEO plugin v27.6 - https:\/\/yoast.com\/product\/yoast-seo-wordpress\/ -->\n<title>\u0418\u0441\u0442\u043e\u0440\u0438\u044f - Metal-Fach<\/title>\n<meta name=\"robots\" content=\"index, follow, max-snippet:-1, max-image-preview:large, max-video-preview:-1\" \/>\n<link rel=\"canonical\" href=\"https:\/\/www.metalfach.com.pl\/ru\/o-nas\/istoriya\/\" \/>\n<meta property=\"og:locale\" content=\"ru_RU\" \/>\n<meta property=\"og:type\" content=\"article\" \/>\n<meta property=\"og:title\" content=\"\u0418\u0441\u0442\u043e\u0440\u0438\u044f - Metal-Fach\" \/>\n<meta property=\"og:description\" content=\"\u0423\u0437\u043d\u0430\u0439\u0442\u0435 \u043d\u0430\u0448\u0443 \u0438\u0441\u0442\u043e\u0440\u0438\u044e \u041e\u0441\u043d\u043e\u0432\u0430\u043d\u0438\u0435 \u043a\u043e\u043c\u043f\u0430\u043d\u0438\u0438 1989 \u041e\u0441\u043d\u043e\u0432\u0430\u0442\u0435\u043b\u0435\u043c \u043f\u0440\u0435\u0434\u043f\u0440\u0438\u044f\u0442\u0438\u044f \u0431\u044b\u043b \u0421\u0442\u0430\u043d\u0438\u0441\u043b\u0430\u0432 \u041a\u0443\u0445\u0430\u0440\u0435\u0432\u0438\u0447, \u043e\u0442\u0435\u0446 \u043d\u044b\u043d\u0435\u0448\u043d\u0435\u0433\u043e \u041f\u0440\u0435\u0434\u0441\u0435\u0434\u0430\u0442\u0435\u043b\u044f \u043f\u0440\u0430\u0432\u043b\u0435\u043d\u0438\u044f \u0438 \u0432\u043b\u0430\u0434\u0435\u043b\u044c\u0446\u0430 \u043f\u0440\u0435\u0434\u043f\u0440\u0438\u044f\u0442\u0438\u044f \u042f\u0446\u0435\u043a\u0430 \u041a\u0443\u0445\u0430\u0440\u0435\u0432\u0438\u0447\u0430, \u043a\u043e\u0442\u043e\u0440\u044b\u0439 \u0432\u043c\u0435\u0441\u0442\u0435 \u0441\u043e \u0441\u0432\u043e\u0435\u0439 \u0436\u0435\u043d\u043e\u0439 \u041a\u0430\u0442\u0430\u0436\u0438\u043d\u043e\u0439 \u0440\u0443\u043a\u043e\u0432\u043e\u0434\u0438\u0442 \u043f\u0440\u0435\u0434\u043f\u0440\u0438\u044f\u0442\u0438\u0435\u043c \u0441 \u0441\u0430\u043c\u043e\u0433\u043e \u043d\u0430\u0447\u0430\u043b\u0430 \u0435\u0433\u043e \u0441\u0443\u0449\u0435\u0441\u0442\u0432\u043e\u0432\u0430\u043d\u0438\u044f. \u041d\u0430\u0447\u0430\u043b\u043e \u0434\u0435\u044f\u0442\u0435\u043b\u044c\u043d\u043e\u0441\u0442\u0438 1989 &#8212; 1990 \u041e\u0442\u043a\u0440\u044b\u0442\u0438\u0435 \u0438 \u0432\u0435\u0434\u0435\u043d\u0438\u0435 \u0431\u0438\u0437\u043d\u0435\u0441\u0430 \u0432 \u0442\u043e \u0432\u0440\u0435\u043c\u044f \u0431\u044b\u043b\u043e \u043e\u0447\u0435\u043d\u044c \u0441\u043b\u043e\u0436\u043d\u043e\u0439 \u0437\u0430\u0434\u0430\u0447\u0435\u0439. \u0417\u0430 \u0434\u0435\u043d\u044c\u0433\u0438 \u043e\u0442 \u043f\u0440\u043e\u0434\u0430\u0436\u0438 \u043c\u043e\u0442\u043e\u0446\u0438\u043a\u043b\u0430 MZ [&hellip;]\" \/>\n<meta property=\"og:url\" content=\"https:\/\/www.metalfach.com.pl\/ru\/o-nas\/istoriya\/\" \/>\n<meta property=\"og:site_name\" content=\"Metal-Fach\" \/>\n<meta property=\"article:publisher\" content=\"http:\/\/www.facebook.pl\/MetalFachOfficial\" \/>\n<meta property=\"article:modified_time\" content=\"2022-05-19T05:35:48+00:00\" \/>\n<meta name=\"twitter:card\" content=\"summary_large_image\" \/>\n<meta name=\"twitter:label1\" content=\"\u041f\u0440\u0438\u043c\u0435\u0440\u043d\u043e\u0435 \u0432\u0440\u0435\u043c\u044f \u0434\u043b\u044f \u0447\u0442\u0435\u043d\u0438\u044f\" \/>\n\t<meta name=\"twitter:data1\" content=\"4 \u043c\u0438\u043d\u0443\u0442\u044b\" \/>\n<script type=\"application\/ld+json\" class=\"yoast-schema-graph\">{\"@context\":\"https:\\\/\\\/schema.org\",\"@graph\":[{\"@type\":\"WebPage\",\"@id\":\"https:\\\/\\\/www.metalfach.com.pl\\\/ru\\\/o-nas\\\/istoriya\\\/\",\"url\":\"https:\\\/\\\/www.metalfach.com.pl\\\/ru\\\/o-nas\\\/istoriya\\\/\",\"name\":\"\u0418\u0441\u0442\u043e\u0440\u0438\u044f - Metal-Fach\",\"isPartOf\":{\"@id\":\"https:\\\/\\\/www.metalfach.com.pl\\\/ru\\\/#website\"},\"datePublished\":\"2019-03-29T15:39:30+00:00\",\"dateModified\":\"2022-05-19T05:35:48+00:00\",\"breadcrumb\":{\"@id\":\"https:\\\/\\\/www.metalfach.com.pl\\\/ru\\\/o-nas\\\/istoriya\\\/#breadcrumb\"},\"inLanguage\":\"ru-RU\",\"potentialAction\":[{\"@type\":\"ReadAction\",\"target\":[\"https:\\\/\\\/www.metalfach.com.pl\\\/ru\\\/o-nas\\\/istoriya\\\/\"]}]},{\"@type\":\"BreadcrumbList\",\"@id\":\"https:\\\/\\\/www.metalfach.com.pl\\\/ru\\\/o-nas\\\/istoriya\\\/#breadcrumb\",\"itemListElement\":[{\"@type\":\"ListItem\",\"position\":1,\"name\":\"\u0414\u043e\u043c\u043e\u0439\",\"item\":\"https:\\\/\\\/www.metalfach.com.pl\\\/ru\\\/\"},{\"@type\":\"ListItem\",\"position\":2,\"name\":\"\u041e \u043d\u0430\u0441\",\"item\":\"https:\\\/\\\/www.metalfach.com.pl\\\/ru\\\/o-nas\\\/\"},{\"@type\":\"ListItem\",\"position\":3,\"name\":\"\u0418\u0441\u0442\u043e\u0440\u0438\u044f\"}]},{\"@type\":\"WebSite\",\"@id\":\"https:\\\/\\\/www.metalfach.com.pl\\\/ru\\\/#website\",\"url\":\"https:\\\/\\\/www.metalfach.com.pl\\\/ru\\\/\",\"name\":\"Metal-Fach\",\"description\":\"Prasy zwijaj\u0105ce, owijarki bel, \u0142adowacze czo\u0142owe, wozy paszowe, rozrzutniki obornika, przyczepy rolnicze, agregaty uprawowe\",\"publisher\":{\"@id\":\"https:\\\/\\\/www.metalfach.com.pl\\\/ru\\\/#organization\"},\"potentialAction\":[{\"@type\":\"SearchAction\",\"target\":{\"@type\":\"EntryPoint\",\"urlTemplate\":\"https:\\\/\\\/www.metalfach.com.pl\\\/ru\\\/?s={search_term_string}\"},\"query-input\":{\"@type\":\"PropertyValueSpecification\",\"valueRequired\":true,\"valueName\":\"search_term_string\"}}],\"inLanguage\":\"ru-RU\"},{\"@type\":\"Organization\",\"@id\":\"https:\\\/\\\/www.metalfach.com.pl\\\/ru\\\/#organization\",\"name\":\"Metal-Fach\",\"url\":\"https:\\\/\\\/www.metalfach.com.pl\\\/ru\\\/\",\"logo\":{\"@type\":\"ImageObject\",\"inLanguage\":\"ru-RU\",\"@id\":\"https:\\\/\\\/www.metalfach.com.pl\\\/ru\\\/#\\\/schema\\\/logo\\\/image\\\/\",\"url\":\"https:\\\/\\\/www.metalfach.com.pl\\\/wp-content\\\/uploads\\\/metalfach-logo-horizontal-r.svg\",\"contentUrl\":\"https:\\\/\\\/www.metalfach.com.pl\\\/wp-content\\\/uploads\\\/metalfach-logo-horizontal-r.svg\",\"width\":777,\"height\":207,\"caption\":\"Metal-Fach\"},\"image\":{\"@id\":\"https:\\\/\\\/www.metalfach.com.pl\\\/ru\\\/#\\\/schema\\\/logo\\\/image\\\/\"},\"sameAs\":[\"http:\\\/\\\/www.facebook.pl\\\/MetalFachOfficial\",\"https:\\\/\\\/www.instagram.com\\\/metalfach_official\\\/\",\"https:\\\/\\\/www.linkedin.com\\\/company\\\/metal-fach\",\"https:\\\/\\\/www.youtube.com\\\/user\\\/metalfach1\",\"https:\\\/\\\/www.tiktok.com\\\/@metalfach_official\"]}]}<\/script>\n<!-- \/ Yoast SEO plugin. -->","yoast_head_json":{"title":"\u0418\u0441\u0442\u043e\u0440\u0438\u044f - Metal-Fach","robots":{"index":"index","follow":"follow","max-snippet":"max-snippet:-1","max-image-preview":"max-image-preview:large","max-video-preview":"max-video-preview:-1"},"canonical":"https:\/\/www.metalfach.com.pl\/ru\/o-nas\/istoriya\/","og_locale":"ru_RU","og_type":"article","og_title":"\u0418\u0441\u0442\u043e\u0440\u0438\u044f - Metal-Fach","og_description":"\u0423\u0437\u043d\u0430\u0439\u0442\u0435 \u043d\u0430\u0448\u0443 \u0438\u0441\u0442\u043e\u0440\u0438\u044e \u041e\u0441\u043d\u043e\u0432\u0430\u043d\u0438\u0435 \u043a\u043e\u043c\u043f\u0430\u043d\u0438\u0438 1989 \u041e\u0441\u043d\u043e\u0432\u0430\u0442\u0435\u043b\u0435\u043c \u043f\u0440\u0435\u0434\u043f\u0440\u0438\u044f\u0442\u0438\u044f \u0431\u044b\u043b \u0421\u0442\u0430\u043d\u0438\u0441\u043b\u0430\u0432 \u041a\u0443\u0445\u0430\u0440\u0435\u0432\u0438\u0447, \u043e\u0442\u0435\u0446 \u043d\u044b\u043d\u0435\u0448\u043d\u0435\u0433\u043e \u041f\u0440\u0435\u0434\u0441\u0435\u0434\u0430\u0442\u0435\u043b\u044f \u043f\u0440\u0430\u0432\u043b\u0435\u043d\u0438\u044f \u0438 \u0432\u043b\u0430\u0434\u0435\u043b\u044c\u0446\u0430 \u043f\u0440\u0435\u0434\u043f\u0440\u0438\u044f\u0442\u0438\u044f \u042f\u0446\u0435\u043a\u0430 \u041a\u0443\u0445\u0430\u0440\u0435\u0432\u0438\u0447\u0430, \u043a\u043e\u0442\u043e\u0440\u044b\u0439 \u0432\u043c\u0435\u0441\u0442\u0435 \u0441\u043e \u0441\u0432\u043e\u0435\u0439 \u0436\u0435\u043d\u043e\u0439 \u041a\u0430\u0442\u0430\u0436\u0438\u043d\u043e\u0439 \u0440\u0443\u043a\u043e\u0432\u043e\u0434\u0438\u0442 \u043f\u0440\u0435\u0434\u043f\u0440\u0438\u044f\u0442\u0438\u0435\u043c \u0441 \u0441\u0430\u043c\u043e\u0433\u043e \u043d\u0430\u0447\u0430\u043b\u0430 \u0435\u0433\u043e \u0441\u0443\u0449\u0435\u0441\u0442\u0432\u043e\u0432\u0430\u043d\u0438\u044f. \u041d\u0430\u0447\u0430\u043b\u043e \u0434\u0435\u044f\u0442\u0435\u043b\u044c\u043d\u043e\u0441\u0442\u0438 1989 &#8212; 1990 \u041e\u0442\u043a\u0440\u044b\u0442\u0438\u0435 \u0438 \u0432\u0435\u0434\u0435\u043d\u0438\u0435 \u0431\u0438\u0437\u043d\u0435\u0441\u0430 \u0432 \u0442\u043e \u0432\u0440\u0435\u043c\u044f \u0431\u044b\u043b\u043e \u043e\u0447\u0435\u043d\u044c \u0441\u043b\u043e\u0436\u043d\u043e\u0439 \u0437\u0430\u0434\u0430\u0447\u0435\u0439. \u0417\u0430 \u0434\u0435\u043d\u044c\u0433\u0438 \u043e\u0442 \u043f\u0440\u043e\u0434\u0430\u0436\u0438 \u043c\u043e\u0442\u043e\u0446\u0438\u043a\u043b\u0430 MZ [&hellip;]","og_url":"https:\/\/www.metalfach.com.pl\/ru\/o-nas\/istoriya\/","og_site_name":"Metal-Fach","article_publisher":"http:\/\/www.facebook.pl\/MetalFachOfficial","article_modified_time":"2022-05-19T05:35:48+00:00","twitter_card":"summary_large_image","twitter_misc":{"\u041f\u0440\u0438\u043c\u0435\u0440\u043d\u043e\u0435 \u0432\u0440\u0435\u043c\u044f \u0434\u043b\u044f \u0447\u0442\u0435\u043d\u0438\u044f":"4 \u043c\u0438\u043d\u0443\u0442\u044b"},"schema":{"@context":"https:\/\/schema.org","@graph":[{"@type":"WebPage","@id":"https:\/\/www.metalfach.com.pl\/ru\/o-nas\/istoriya\/","url":"https:\/\/www.metalfach.com.pl\/ru\/o-nas\/istoriya\/","name":"\u0418\u0441\u0442\u043e\u0440\u0438\u044f - Metal-Fach","isPartOf":{"@id":"https:\/\/www.metalfach.com.pl\/ru\/#website"},"datePublished":"2019-03-29T15:39:30+00:00","dateModified":"2022-05-19T05:35:48+00:00","breadcrumb":{"@id":"https:\/\/www.metalfach.com.pl\/ru\/o-nas\/istoriya\/#breadcrumb"},"inLanguage":"ru-RU","potentialAction":[{"@type":"ReadAction","target":["https:\/\/www.metalfach.com.pl\/ru\/o-nas\/istoriya\/"]}]},{"@type":"BreadcrumbList","@id":"https:\/\/www.metalfach.com.pl\/ru\/o-nas\/istoriya\/#breadcrumb","itemListElement":[{"@type":"ListItem","position":1,"name":"\u0414\u043e\u043c\u043e\u0439","item":"https:\/\/www.metalfach.com.pl\/ru\/"},{"@type":"ListItem","position":2,"name":"\u041e \u043d\u0430\u0441","item":"https:\/\/www.metalfach.com.pl\/ru\/o-nas\/"},{"@type":"ListItem","position":3,"name":"\u0418\u0441\u0442\u043e\u0440\u0438\u044f"}]},{"@type":"WebSite","@id":"https:\/\/www.metalfach.com.pl\/ru\/#website","url":"https:\/\/www.metalfach.com.pl\/ru\/","name":"Metal-Fach","description":"Prasy zwijaj\u0105ce, owijarki bel, \u0142adowacze czo\u0142owe, wozy paszowe, rozrzutniki obornika, przyczepy rolnicze, agregaty uprawowe","publisher":{"@id":"https:\/\/www.metalfach.com.pl\/ru\/#organization"},"potentialAction":[{"@type":"SearchAction","target":{"@type":"EntryPoint","urlTemplate":"https:\/\/www.metalfach.com.pl\/ru\/?s={search_term_string}"},"query-input":{"@type":"PropertyValueSpecification","valueRequired":true,"valueName":"search_term_string"}}],"inLanguage":"ru-RU"},{"@type":"Organization","@id":"https:\/\/www.metalfach.com.pl\/ru\/#organization","name":"Metal-Fach","url":"https:\/\/www.metalfach.com.pl\/ru\/","logo":{"@type":"ImageObject","inLanguage":"ru-RU","@id":"https:\/\/www.metalfach.com.pl\/ru\/#\/schema\/logo\/image\/","url":"https:\/\/www.metalfach.com.pl\/wp-content\/uploads\/metalfach-logo-horizontal-r.svg","contentUrl":"https:\/\/www.metalfach.com.pl\/wp-content\/uploads\/metalfach-logo-horizontal-r.svg","width":777,"height":207,"caption":"Metal-Fach"},"image":{"@id":"https:\/\/www.metalfach.com.pl\/ru\/#\/schema\/logo\/image\/"},"sameAs":["http:\/\/www.facebook.pl\/MetalFachOfficial","https:\/\/www.instagram.com\/metalfach_official\/","https:\/\/www.linkedin.com\/company\/metal-fach","https:\/\/www.youtube.com\/user\/metalfach1","https:\/\/www.tiktok.com\/@metalfach_official"]}]}},"_links":{"self":[{"href":"https:\/\/www.metalfach.com.pl\/ru\/wp-json\/wp\/v2\/pages\/12516","targetHints":{"allow":["GET"]}}],"collection":[{"href":"https:\/\/www.metalfach.com.pl\/ru\/wp-json\/wp\/v2\/pages"}],"about":[{"href":"https:\/\/www.metalfach.com.pl\/ru\/wp-json\/wp\/v2\/types\/page"}],"author":[{"embeddable":true,"href":"https:\/\/www.metalfach.com.pl\/ru\/wp-json\/wp\/v2\/users\/2"}],"replies":[{"embeddable":true,"href":"https:\/\/www.metalfach.com.pl\/ru\/wp-json\/wp\/v2\/comments?post=12516"}],"version-history":[{"count":0,"href":"https:\/\/www.metalfach.com.pl\/ru\/wp-json\/wp\/v2\/pages\/12516\/revisions"}],"up":[{"embeddable":true,"href":"https:\/\/www.metalfach.com.pl\/ru\/wp-json\/wp\/v2\/pages\/12512"}],"wp:attachment":[{"href":"https:\/\/www.metalfach.com.pl\/ru\/wp-json\/wp\/v2\/media?parent=12516"}],"curies":[{"name":"wp","href":"https:\/\/api.w.org\/{rel}","templated":true}]}}