{"id":17205,"date":"2019-03-30T19:55:31","date_gmt":"2019-03-30T18:55:31","guid":{"rendered":"https:\/\/www.metalfach.com.pl\/a-propos-de-la-societe\/cooperation\/obrobka-plastyczna\/"},"modified":"2020-10-06T17:32:50","modified_gmt":"2020-10-06T15:32:50","slug":"formage-par-deformation","status":"publish","type":"page","link":"https:\/\/www.metalfach.com.pl\/fr\/cooperation\/formage-par-deformation\/","title":{"rendered":"Formage par d\u00e9formation"},"content":{"rendered":"","protected":false},"excerpt":{"rendered":"","protected":false},"author":2,"featured_media":0,"parent":17184,"menu_order":5,"comment_status":"closed","ping_status":"closed","template":"","meta":{"_acf_changed":false,"footnotes":""},"class_list":["post-17205","page","type-page","status-publish","hentry"],"acf":[],"yoast_head":"<!-- This site is optimized with the Yoast SEO plugin v27.4 - https:\/\/yoast.com\/product\/yoast-seo-wordpress\/ -->\n<title>Formage par d\u00e9formation - Metal-Fach<\/title>\n<meta name=\"robots\" content=\"index, follow, max-snippet:-1, max-image-preview:large, max-video-preview:-1\" \/>\n<link rel=\"canonical\" href=\"https:\/\/www.metalfach.com.pl\/fr\/cooperation\/formage-par-deformation\/\" \/>\n<meta property=\"og:locale\" content=\"fr_FR\" \/>\n<meta property=\"og:type\" content=\"article\" \/>\n<meta property=\"og:title\" content=\"Formage par d\u00e9formation - Metal-Fach\" \/>\n<meta property=\"og:url\" content=\"https:\/\/www.metalfach.com.pl\/fr\/cooperation\/formage-par-deformation\/\" \/>\n<meta property=\"og:site_name\" content=\"Metal-Fach\" \/>\n<meta property=\"article:publisher\" content=\"http:\/\/www.facebook.pl\/MetalFachOfficial\" \/>\n<meta property=\"article:modified_time\" content=\"2020-10-06T15:32:50+00:00\" \/>\n<meta name=\"twitter:card\" content=\"summary_large_image\" \/>\n<script type=\"application\/ld+json\" class=\"yoast-schema-graph\">{\"@context\":\"https:\\\/\\\/schema.org\",\"@graph\":[{\"@type\":\"WebPage\",\"@id\":\"https:\\\/\\\/www.metalfach.com.pl\\\/fr\\\/cooperation\\\/formage-par-deformation\\\/\",\"url\":\"https:\\\/\\\/www.metalfach.com.pl\\\/fr\\\/cooperation\\\/formage-par-deformation\\\/\",\"name\":\"Formage par d\u00e9formation - Metal-Fach\",\"isPartOf\":{\"@id\":\"https:\\\/\\\/www.metalfach.com.pl\\\/fr\\\/#website\"},\"datePublished\":\"2019-03-30T18:55:31+00:00\",\"dateModified\":\"2020-10-06T15:32:50+00:00\",\"breadcrumb\":{\"@id\":\"https:\\\/\\\/www.metalfach.com.pl\\\/fr\\\/cooperation\\\/formage-par-deformation\\\/#breadcrumb\"},\"inLanguage\":\"fr-FR\",\"potentialAction\":[{\"@type\":\"ReadAction\",\"target\":[\"https:\\\/\\\/www.metalfach.com.pl\\\/fr\\\/cooperation\\\/formage-par-deformation\\\/\"]}]},{\"@type\":\"BreadcrumbList\",\"@id\":\"https:\\\/\\\/www.metalfach.com.pl\\\/fr\\\/cooperation\\\/formage-par-deformation\\\/#breadcrumb\",\"itemListElement\":[{\"@type\":\"ListItem\",\"position\":1,\"name\":\"Accueil\",\"item\":\"https:\\\/\\\/www.metalfach.com.pl\\\/fr\\\/\"},{\"@type\":\"ListItem\",\"position\":2,\"name\":\"\u00c0 propos de la soci\u00e9t\u00e9\",\"item\":\"https:\\\/\\\/www.metalfach.com.pl\\\/fr\\\/a-propos-de-la-societe\\\/\"},{\"@type\":\"ListItem\",\"position\":3,\"name\":\"Coop\u00e9ration\",\"item\":\"https:\\\/\\\/www.metalfach.com.pl\\\/fr\\\/o-nas\\\/kooperacja\\\/\"},{\"@type\":\"ListItem\",\"position\":4,\"name\":\"Formage par d\u00e9formation\"}]},{\"@type\":\"WebSite\",\"@id\":\"https:\\\/\\\/www.metalfach.com.pl\\\/fr\\\/#website\",\"url\":\"https:\\\/\\\/www.metalfach.com.pl\\\/fr\\\/\",\"name\":\"Metal-Fach\",\"description\":\"Prasy zwijaj\u0105ce, owijarki bel, \u0142adowacze czo\u0142owe, wozy paszowe, rozrzutniki obornika, przyczepy rolnicze, agregaty uprawowe\",\"publisher\":{\"@id\":\"https:\\\/\\\/www.metalfach.com.pl\\\/fr\\\/#organization\"},\"potentialAction\":[{\"@type\":\"SearchAction\",\"target\":{\"@type\":\"EntryPoint\",\"urlTemplate\":\"https:\\\/\\\/www.metalfach.com.pl\\\/fr\\\/?s={search_term_string}\"},\"query-input\":{\"@type\":\"PropertyValueSpecification\",\"valueRequired\":true,\"valueName\":\"search_term_string\"}}],\"inLanguage\":\"fr-FR\"},{\"@type\":\"Organization\",\"@id\":\"https:\\\/\\\/www.metalfach.com.pl\\\/fr\\\/#organization\",\"name\":\"Metal-Fach\",\"url\":\"https:\\\/\\\/www.metalfach.com.pl\\\/fr\\\/\",\"logo\":{\"@type\":\"ImageObject\",\"inLanguage\":\"fr-FR\",\"@id\":\"https:\\\/\\\/www.metalfach.com.pl\\\/fr\\\/#\\\/schema\\\/logo\\\/image\\\/\",\"url\":\"https:\\\/\\\/www.metalfach.com.pl\\\/wp-content\\\/uploads\\\/metalfach-logo-horizontal-r.svg\",\"contentUrl\":\"https:\\\/\\\/www.metalfach.com.pl\\\/wp-content\\\/uploads\\\/metalfach-logo-horizontal-r.svg\",\"width\":777,\"height\":207,\"caption\":\"Metal-Fach\"},\"image\":{\"@id\":\"https:\\\/\\\/www.metalfach.com.pl\\\/fr\\\/#\\\/schema\\\/logo\\\/image\\\/\"},\"sameAs\":[\"http:\\\/\\\/www.facebook.pl\\\/MetalFachOfficial\",\"https:\\\/\\\/www.instagram.com\\\/metalfach_official\\\/\",\"https:\\\/\\\/www.linkedin.com\\\/company\\\/metal-fach\",\"https:\\\/\\\/www.youtube.com\\\/user\\\/metalfach1\",\"https:\\\/\\\/www.tiktok.com\\\/@metalfach_official\"]}]}<\/script>\n<!-- \/ Yoast SEO plugin. -->","yoast_head_json":{"title":"Formage par d\u00e9formation - Metal-Fach","robots":{"index":"index","follow":"follow","max-snippet":"max-snippet:-1","max-image-preview":"max-image-preview:large","max-video-preview":"max-video-preview:-1"},"canonical":"https:\/\/www.metalfach.com.pl\/fr\/cooperation\/formage-par-deformation\/","og_locale":"fr_FR","og_type":"article","og_title":"Formage par d\u00e9formation - Metal-Fach","og_url":"https:\/\/www.metalfach.com.pl\/fr\/cooperation\/formage-par-deformation\/","og_site_name":"Metal-Fach","article_publisher":"http:\/\/www.facebook.pl\/MetalFachOfficial","article_modified_time":"2020-10-06T15:32:50+00:00","twitter_card":"summary_large_image","schema":{"@context":"https:\/\/schema.org","@graph":[{"@type":"WebPage","@id":"https:\/\/www.metalfach.com.pl\/fr\/cooperation\/formage-par-deformation\/","url":"https:\/\/www.metalfach.com.pl\/fr\/cooperation\/formage-par-deformation\/","name":"Formage par d\u00e9formation - Metal-Fach","isPartOf":{"@id":"https:\/\/www.metalfach.com.pl\/fr\/#website"},"datePublished":"2019-03-30T18:55:31+00:00","dateModified":"2020-10-06T15:32:50+00:00","breadcrumb":{"@id":"https:\/\/www.metalfach.com.pl\/fr\/cooperation\/formage-par-deformation\/#breadcrumb"},"inLanguage":"fr-FR","potentialAction":[{"@type":"ReadAction","target":["https:\/\/www.metalfach.com.pl\/fr\/cooperation\/formage-par-deformation\/"]}]},{"@type":"BreadcrumbList","@id":"https:\/\/www.metalfach.com.pl\/fr\/cooperation\/formage-par-deformation\/#breadcrumb","itemListElement":[{"@type":"ListItem","position":1,"name":"Accueil","item":"https:\/\/www.metalfach.com.pl\/fr\/"},{"@type":"ListItem","position":2,"name":"\u00c0 propos de la soci\u00e9t\u00e9","item":"https:\/\/www.metalfach.com.pl\/fr\/a-propos-de-la-societe\/"},{"@type":"ListItem","position":3,"name":"Coop\u00e9ration","item":"https:\/\/www.metalfach.com.pl\/fr\/o-nas\/kooperacja\/"},{"@type":"ListItem","position":4,"name":"Formage par d\u00e9formation"}]},{"@type":"WebSite","@id":"https:\/\/www.metalfach.com.pl\/fr\/#website","url":"https:\/\/www.metalfach.com.pl\/fr\/","name":"Metal-Fach","description":"Prasy zwijaj\u0105ce, owijarki bel, \u0142adowacze czo\u0142owe, wozy paszowe, rozrzutniki obornika, przyczepy rolnicze, agregaty uprawowe","publisher":{"@id":"https:\/\/www.metalfach.com.pl\/fr\/#organization"},"potentialAction":[{"@type":"SearchAction","target":{"@type":"EntryPoint","urlTemplate":"https:\/\/www.metalfach.com.pl\/fr\/?s={search_term_string}"},"query-input":{"@type":"PropertyValueSpecification","valueRequired":true,"valueName":"search_term_string"}}],"inLanguage":"fr-FR"},{"@type":"Organization","@id":"https:\/\/www.metalfach.com.pl\/fr\/#organization","name":"Metal-Fach","url":"https:\/\/www.metalfach.com.pl\/fr\/","logo":{"@type":"ImageObject","inLanguage":"fr-FR","@id":"https:\/\/www.metalfach.com.pl\/fr\/#\/schema\/logo\/image\/","url":"https:\/\/www.metalfach.com.pl\/wp-content\/uploads\/metalfach-logo-horizontal-r.svg","contentUrl":"https:\/\/www.metalfach.com.pl\/wp-content\/uploads\/metalfach-logo-horizontal-r.svg","width":777,"height":207,"caption":"Metal-Fach"},"image":{"@id":"https:\/\/www.metalfach.com.pl\/fr\/#\/schema\/logo\/image\/"},"sameAs":["http:\/\/www.facebook.pl\/MetalFachOfficial","https:\/\/www.instagram.com\/metalfach_official\/","https:\/\/www.linkedin.com\/company\/metal-fach","https:\/\/www.youtube.com\/user\/metalfach1","https:\/\/www.tiktok.com\/@metalfach_official"]}]}},"_links":{"self":[{"href":"https:\/\/www.metalfach.com.pl\/fr\/wp-json\/wp\/v2\/pages\/17205","targetHints":{"allow":["GET"]}}],"collection":[{"href":"https:\/\/www.metalfach.com.pl\/fr\/wp-json\/wp\/v2\/pages"}],"about":[{"href":"https:\/\/www.metalfach.com.pl\/fr\/wp-json\/wp\/v2\/types\/page"}],"author":[{"embeddable":true,"href":"https:\/\/www.metalfach.com.pl\/fr\/wp-json\/wp\/v2\/users\/2"}],"replies":[{"embeddable":true,"href":"https:\/\/www.metalfach.com.pl\/fr\/wp-json\/wp\/v2\/comments?post=17205"}],"version-history":[{"count":0,"href":"https:\/\/www.metalfach.com.pl\/fr\/wp-json\/wp\/v2\/pages\/17205\/revisions"}],"up":[{"embeddable":true,"href":"https:\/\/www.metalfach.com.pl\/fr\/wp-json\/wp\/v2\/pages\/17184"}],"wp:attachment":[{"href":"https:\/\/www.metalfach.com.pl\/fr\/wp-json\/wp\/v2\/media?parent=17205"}],"curies":[{"name":"wp","href":"https:\/\/api.w.org\/{rel}","templated":true}]}}