{"id":66418,"date":"2019-03-30T17:37:14","date_gmt":"2019-03-30T16:37:14","guid":{"rendered":"https:\/\/www.metalfach.com.pl\/acerca-de-la-compania\/kooperacja\/"},"modified":"2024-03-04T15:01:44","modified_gmt":"2024-03-04T14:01:44","slug":"cooperacion","status":"publish","type":"page","link":"https:\/\/www.metalfach.com.pl\/es\/cooperacion\/","title":{"rendered":"Cooperaci\u00f3n"},"content":{"rendered":"\t\t<div data-elementor-type=\"wp-page\" data-elementor-id=\"66418\" class=\"elementor elementor-66418 elementor-1234\" data-elementor-post-type=\"page\">\n\t\t\t\t\t\t<section class=\"elementor-section elementor-top-section elementor-element elementor-element-21472360 elementor-section-content-middle breadcrumbs_seo elementor-section-boxed elementor-section-height-default elementor-section-height-default\" data-id=\"21472360\" data-element_type=\"section\" data-e-type=\"section\">\n\t\t\t\t\t\t<div class=\"elementor-container elementor-column-gap-extended\">\n\t\t\t\t\t<div class=\"elementor-column elementor-col-100 elementor-top-column elementor-element elementor-element-100aa60d\" data-id=\"100aa60d\" data-element_type=\"column\" data-e-type=\"column\">\n\t\t\t<div class=\"elementor-widget-wrap elementor-element-populated\">\n\t\t\t\t\t\t<div class=\"elementor-element elementor-element-2fd368d4 elementor-widget elementor-widget-text-editor\" data-id=\"2fd368d4\" data-element_type=\"widget\" data-e-type=\"widget\" data-widget_type=\"text-editor.default\">\n\t\t\t\t<div class=\"elementor-widget-container\">\n\t\t\t\t\t\t\t\t\t<p><span><span><a href=\"https:\/\/www.metalfach.com.pl\/es\/\">Casa<\/a><\/span><\/span><\/p>\n\t\t\t\t\t\t\t\t<\/div>\n\t\t\t\t<\/div>\n\t\t\t\t\t<\/div>\n\t\t<\/div>\n\t\t\t\t\t<\/div>\n\t\t<\/section>\n\t\t\t\t<section class=\"elementor-section elementor-top-section elementor-element elementor-element-519896a elementor-section-height-min-height elementor-section-boxed elementor-section-height-default elementor-section-items-middle\" data-id=\"519896a\" data-element_type=\"section\" data-e-type=\"section\">\n\t\t\t\t\t\t<div class=\"elementor-container elementor-column-gap-default\">\n\t\t\t\t\t<div class=\"elementor-column elementor-col-100 elementor-top-column elementor-element elementor-element-ddefde1\" data-id=\"ddefde1\" data-element_type=\"column\" data-e-type=\"column\">\n\t\t\t<div class=\"elementor-widget-wrap elementor-element-populated\">\n\t\t\t\t\t\t\t<\/div>\n\t\t<\/div>\n\t\t\t\t\t<\/div>\n\t\t<\/section>\n\t\t\t\t<section class=\"elementor-section elementor-top-section elementor-element elementor-element-01e2bb7 elementor-section-boxed elementor-section-height-default elementor-section-height-default\" data-id=\"01e2bb7\" data-element_type=\"section\" data-e-type=\"section\">\n\t\t\t\t\t\t<div class=\"elementor-container elementor-column-gap-default\">\n\t\t\t\t\t<div class=\"elementor-column elementor-col-100 elementor-top-column elementor-element elementor-element-0379943\" data-id=\"0379943\" data-element_type=\"column\" data-e-type=\"column\">\n\t\t\t<div class=\"elementor-widget-wrap elementor-element-populated\">\n\t\t\t\t\t\t<div class=\"elementor-element elementor-element-67a1217 elementor-widget elementor-widget-text-editor\" data-id=\"67a1217\" data-element_type=\"widget\" data-e-type=\"widget\" data-widget_type=\"text-editor.default\">\n\t\t\t\t<div class=\"elementor-widget-container\">\n\t\t\t\t\t\t\t\t\t<p>El din\u00e1mico desarrollo de la marca supo aprovechar las subvenciones de la UE. Gracias a ellas ha desarrollado y enriquecido su parque de m\u00e1quinas. Hoy en d\u00eda, Metal-Fach cuenta con naves de producci\u00f3n bien equipadas, un moderno taller de pintura con cataforesis, un innovador centro de investigaci\u00f3n de ruedas y laboratorios de control de calidad de la producci\u00f3n. En 2013, el equipo de Metal-Fach consigui\u00f3 poner en marcha una l\u00ednea de producci\u00f3n de llantas.    <\/p>\n<p>En los \u00faltimos a\u00f1os, Metal-Fach ha vuelto a centrarse en las inversiones en maquinaria. En los a\u00f1os 2017-2018, la compa\u00f1\u00eda invirti\u00f3 un total de 40 millones PLN en la mejora y modernizaci\u00f3n de la l\u00ednea de producci\u00f3n. Durante ese tiempo fue posible comprar hasta 9 robots de soldadura, 7 l\u00e1seres y 31 m\u00e1quinas num\u00e9ricas de mecanizado (centros de torneado y fresado).  <\/p>\n\t\t\t\t\t\t\t\t<\/div>\n\t\t\t\t<\/div>\n\t\t\t\t\t<\/div>\n\t\t<\/div>\n\t\t\t\t\t<\/div>\n\t\t<\/section>\n\t\t\t\t<section class=\"elementor-section elementor-top-section elementor-element elementor-element-c448e01 elementor-section-boxed elementor-section-height-default elementor-section-height-default\" data-id=\"c448e01\" data-element_type=\"section\" data-e-type=\"section\">\n\t\t\t\t\t\t<div class=\"elementor-container elementor-column-gap-default\">\n\t\t\t\t\t<div class=\"elementor-column elementor-col-33 elementor-top-column elementor-element elementor-element-7ed329f\" data-id=\"7ed329f\" data-element_type=\"column\" data-e-type=\"column\">\n\t\t\t<div class=\"elementor-widget-wrap elementor-element-populated\">\n\t\t\t\t\t\t<div class=\"elementor-element elementor-element-3897478 elementor-flip-box--effect-zoom-in elementor-widget elementor-widget-flip-box\" data-id=\"3897478\" data-element_type=\"widget\" data-e-type=\"widget\" data-widget_type=\"flip-box.default\">\n\t\t\t\t<div class=\"elementor-widget-container\">\n\t\t\t\t\t\t\t<div class=\"elementor-flip-box\" tabindex=\"0\">\n\t\t\t<div class=\"elementor-flip-box__layer elementor-flip-box__front\">\n\t\t\t\t<div class=\"elementor-flip-box__layer__overlay\">\n\t\t\t\t\t<div class=\"elementor-flip-box__layer__inner\">\n\t\t\t\t\t\t\n\t\t\t\t\t\t\n\t\t\t\t\t\t\t\t\t\t\t<\/div>\n\t\t\t\t<\/div>\n\t\t\t<\/div>\n\t\t\t<a class=\"elementor-flip-box__layer elementor-flip-box__back\" href=\"https:\/\/www.metalfach.com.pl\/kooperacja\/uslugi-kooperacyjne\/spawanie\/\">\n\t\t\t<div class=\"elementor-flip-box__layer__overlay\">\n\t\t\t\t<div class=\"elementor-flip-box__layer__inner\">\n\t\t\t\t\t\t\t\t\t\t\t<h3 class=\"elementor-flip-box__layer__title\">\n\t\t\t\t\t\t\tSoldadura\t\t\t\t\t\t<\/h3>\n\t\t\t\t\t\n\t\t\t\t\t\n\t\t\t\t\t\t\t\t\t\t\t<span class=\"elementor-flip-box__button elementor-button elementor-size-sm\">\n\t\t\t\t\t\t\tVer m\u00e1s\t\t\t\t\t\t<\/span>\n\t\t\t\t\t\t\t\t<\/div>\n\t\t<\/div>\n\t\t<\/a>\n\t\t<\/div>\n\t\t\t\t\t\t<\/div>\n\t\t\t\t<\/div>\n\t\t\t\t\t<\/div>\n\t\t<\/div>\n\t\t\t\t<div class=\"elementor-column elementor-col-33 elementor-top-column elementor-element elementor-element-dab8388\" data-id=\"dab8388\" data-element_type=\"column\" data-e-type=\"column\">\n\t\t\t<div class=\"elementor-widget-wrap elementor-element-populated\">\n\t\t\t\t\t\t<div class=\"elementor-element elementor-element-9a16479 elementor-flip-box--effect-zoom-in elementor-widget elementor-widget-flip-box\" data-id=\"9a16479\" data-element_type=\"widget\" data-e-type=\"widget\" data-widget_type=\"flip-box.default\">\n\t\t\t\t<div class=\"elementor-widget-container\">\n\t\t\t\t\t\t\t<div class=\"elementor-flip-box\" tabindex=\"0\">\n\t\t\t<div class=\"elementor-flip-box__layer elementor-flip-box__front\">\n\t\t\t\t<div class=\"elementor-flip-box__layer__overlay\">\n\t\t\t\t\t<div class=\"elementor-flip-box__layer__inner\">\n\t\t\t\t\t\t\n\t\t\t\t\t\t\n\t\t\t\t\t\t\t\t\t\t\t<\/div>\n\t\t\t\t<\/div>\n\t\t\t<\/div>\n\t\t\t<a class=\"elementor-flip-box__layer elementor-flip-box__back\" href=\"https:\/\/www.metalfach.com.pl\/kooperacja\/uslugi-kooperacyjne\/powloki-ochronne\/\">\n\t\t\t<div class=\"elementor-flip-box__layer__overlay\">\n\t\t\t\t<div class=\"elementor-flip-box__layer__inner\">\n\t\t\t\t\t\t\t\t\t\t\t<h3 class=\"elementor-flip-box__layer__title\">\n\t\t\t\t\t\t\tRevestimientos de protecci\u00f3n\t\t\t\t\t\t<\/h3>\n\t\t\t\t\t\n\t\t\t\t\t\n\t\t\t\t\t\t\t\t\t\t\t<span class=\"elementor-flip-box__button elementor-button elementor-size-sm\">\n\t\t\t\t\t\t\tVer m\u00e1s\t\t\t\t\t\t<\/span>\n\t\t\t\t\t\t\t\t<\/div>\n\t\t<\/div>\n\t\t<\/a>\n\t\t<\/div>\n\t\t\t\t\t\t<\/div>\n\t\t\t\t<\/div>\n\t\t\t\t\t<\/div>\n\t\t<\/div>\n\t\t\t\t<div class=\"elementor-column elementor-col-33 elementor-top-column elementor-element elementor-element-9c97bd5\" data-id=\"9c97bd5\" data-element_type=\"column\" data-e-type=\"column\">\n\t\t\t<div class=\"elementor-widget-wrap elementor-element-populated\">\n\t\t\t\t\t\t<div class=\"elementor-element elementor-element-6c4820d elementor-flip-box--effect-zoom-in elementor-widget elementor-widget-flip-box\" data-id=\"6c4820d\" data-element_type=\"widget\" data-e-type=\"widget\" data-widget_type=\"flip-box.default\">\n\t\t\t\t<div class=\"elementor-widget-container\">\n\t\t\t\t\t\t\t<div class=\"elementor-flip-box\" tabindex=\"0\">\n\t\t\t<div class=\"elementor-flip-box__layer elementor-flip-box__front\">\n\t\t\t\t<div class=\"elementor-flip-box__layer__overlay\">\n\t\t\t\t\t<div class=\"elementor-flip-box__layer__inner\">\n\t\t\t\t\t\t\n\t\t\t\t\t\t\n\t\t\t\t\t\t\t\t\t\t\t<\/div>\n\t\t\t\t<\/div>\n\t\t\t<\/div>\n\t\t\t<a class=\"elementor-flip-box__layer elementor-flip-box__back\" href=\"https:\/\/www.metalfach.com.pl\/?page_id=1252\">\n\t\t\t<div class=\"elementor-flip-box__layer__overlay\">\n\t\t\t\t<div class=\"elementor-flip-box__layer__inner\">\n\t\t\t\t\t\t\t\t\t\t\t<h3 class=\"elementor-flip-box__layer__title\">\n\t\t\t\t\t\t\tSala de corte\t\t\t\t\t\t<\/h3>\n\t\t\t\t\t\n\t\t\t\t\t\n\t\t\t\t\t\t\t\t\t\t\t<span class=\"elementor-flip-box__button elementor-button elementor-size-sm\">\n\t\t\t\t\t\t\tVer m\u00e1s\t\t\t\t\t\t<\/span>\n\t\t\t\t\t\t\t\t<\/div>\n\t\t<\/div>\n\t\t<\/a>\n\t\t<\/div>\n\t\t\t\t\t\t<\/div>\n\t\t\t\t<\/div>\n\t\t\t\t\t<\/div>\n\t\t<\/div>\n\t\t\t\t\t<\/div>\n\t\t<\/section>\n\t\t\t\t<section class=\"elementor-section elementor-top-section elementor-element elementor-element-1578377 elementor-section-boxed elementor-section-height-default elementor-section-height-default\" data-id=\"1578377\" data-element_type=\"section\" data-e-type=\"section\">\n\t\t\t\t\t\t<div class=\"elementor-container elementor-column-gap-default\">\n\t\t\t\t\t<div class=\"elementor-column elementor-col-33 elementor-top-column elementor-element elementor-element-c016a02\" data-id=\"c016a02\" data-element_type=\"column\" data-e-type=\"column\">\n\t\t\t<div class=\"elementor-widget-wrap elementor-element-populated\">\n\t\t\t\t\t\t<div class=\"elementor-element elementor-element-6b8889b elementor-flip-box--effect-zoom-in elementor-widget elementor-widget-flip-box\" data-id=\"6b8889b\" data-element_type=\"widget\" data-e-type=\"widget\" data-widget_type=\"flip-box.default\">\n\t\t\t\t<div class=\"elementor-widget-container\">\n\t\t\t\t\t\t\t<div class=\"elementor-flip-box\" tabindex=\"0\">\n\t\t\t<div class=\"elementor-flip-box__layer elementor-flip-box__front\">\n\t\t\t\t<div class=\"elementor-flip-box__layer__overlay\">\n\t\t\t\t\t<div class=\"elementor-flip-box__layer__inner\">\n\t\t\t\t\t\t\n\t\t\t\t\t\t\n\t\t\t\t\t\t\t\t\t\t\t<\/div>\n\t\t\t\t<\/div>\n\t\t\t<\/div>\n\t\t\t<a class=\"elementor-flip-box__layer elementor-flip-box__back\" href=\"https:\/\/www.metalfach.com.pl\/?page_id=1254\">\n\t\t\t<div class=\"elementor-flip-box__layer__overlay\">\n\t\t\t\t<div class=\"elementor-flip-box__layer__inner\">\n\t\t\t\t\t\t\t\t\t\t\t<h3 class=\"elementor-flip-box__layer__title\">\n\t\t\t\t\t\t\tCorte por l\u00e1ser\t\t\t\t\t\t<\/h3>\n\t\t\t\t\t\n\t\t\t\t\t\n\t\t\t\t\t\t\t\t\t\t\t<span class=\"elementor-flip-box__button elementor-button elementor-size-sm\">\n\t\t\t\t\t\t\tVer m\u00e1s\t\t\t\t\t\t<\/span>\n\t\t\t\t\t\t\t\t<\/div>\n\t\t<\/div>\n\t\t<\/a>\n\t\t<\/div>\n\t\t\t\t\t\t<\/div>\n\t\t\t\t<\/div>\n\t\t\t\t\t<\/div>\n\t\t<\/div>\n\t\t\t\t<div class=\"elementor-column elementor-col-33 elementor-top-column elementor-element elementor-element-c04592e\" data-id=\"c04592e\" data-element_type=\"column\" data-e-type=\"column\">\n\t\t\t<div class=\"elementor-widget-wrap elementor-element-populated\">\n\t\t\t\t\t\t<div class=\"elementor-element elementor-element-f5f7a44 elementor-flip-box--effect-zoom-in elementor-widget elementor-widget-flip-box\" data-id=\"f5f7a44\" data-element_type=\"widget\" data-e-type=\"widget\" data-widget_type=\"flip-box.default\">\n\t\t\t\t<div class=\"elementor-widget-container\">\n\t\t\t\t\t\t\t<div class=\"elementor-flip-box\" tabindex=\"0\">\n\t\t\t<div class=\"elementor-flip-box__layer elementor-flip-box__front\">\n\t\t\t\t<div class=\"elementor-flip-box__layer__overlay\">\n\t\t\t\t\t<div class=\"elementor-flip-box__layer__inner\">\n\t\t\t\t\t\t\n\t\t\t\t\t\t\n\t\t\t\t\t\t\t\t\t\t\t<\/div>\n\t\t\t\t<\/div>\n\t\t\t<\/div>\n\t\t\t<a class=\"elementor-flip-box__layer elementor-flip-box__back\" href=\"https:\/\/www.metalfach.com.pl\/?page_id=1256\">\n\t\t\t<div class=\"elementor-flip-box__layer__overlay\">\n\t\t\t\t<div class=\"elementor-flip-box__layer__inner\">\n\t\t\t\t\t\t\t\t\t\t\t<h3 class=\"elementor-flip-box__layer__title\">\n\t\t\t\t\t\t\tMecanizado de pl\u00e1sticos\t\t\t\t\t\t<\/h3>\n\t\t\t\t\t\n\t\t\t\t\t\n\t\t\t\t\t\t\t\t\t\t\t<span class=\"elementor-flip-box__button elementor-button elementor-size-sm\">\n\t\t\t\t\t\t\tVer m\u00e1s\t\t\t\t\t\t<\/span>\n\t\t\t\t\t\t\t\t<\/div>\n\t\t<\/div>\n\t\t<\/a>\n\t\t<\/div>\n\t\t\t\t\t\t<\/div>\n\t\t\t\t<\/div>\n\t\t\t\t\t<\/div>\n\t\t<\/div>\n\t\t\t\t<div class=\"elementor-column elementor-col-33 elementor-top-column elementor-element elementor-element-e4e46a6\" data-id=\"e4e46a6\" data-element_type=\"column\" data-e-type=\"column\">\n\t\t\t<div class=\"elementor-widget-wrap elementor-element-populated\">\n\t\t\t\t\t\t<div class=\"elementor-element elementor-element-12b19e5 elementor-flip-box--effect-zoom-in elementor-widget elementor-widget-flip-box\" data-id=\"12b19e5\" data-element_type=\"widget\" data-e-type=\"widget\" data-widget_type=\"flip-box.default\">\n\t\t\t\t<div class=\"elementor-widget-container\">\n\t\t\t\t\t\t\t<div class=\"elementor-flip-box\" tabindex=\"0\">\n\t\t\t<div class=\"elementor-flip-box__layer elementor-flip-box__front\">\n\t\t\t\t<div class=\"elementor-flip-box__layer__overlay\">\n\t\t\t\t\t<div class=\"elementor-flip-box__layer__inner\">\n\t\t\t\t\t\t\n\t\t\t\t\t\t\n\t\t\t\t\t\t\t\t\t\t\t<\/div>\n\t\t\t\t<\/div>\n\t\t\t<\/div>\n\t\t\t<a class=\"elementor-flip-box__layer elementor-flip-box__back\" href=\"https:\/\/www.metalfach.com.pl\/?page_id=1258\">\n\t\t\t<div class=\"elementor-flip-box__layer__overlay\">\n\t\t\t\t<div class=\"elementor-flip-box__layer__inner\">\n\t\t\t\t\t\t\t\t\t\t\t<h3 class=\"elementor-flip-box__layer__title\">\n\t\t\t\t\t\t\tMecanizado\t\t\t\t\t\t<\/h3>\n\t\t\t\t\t\n\t\t\t\t\t\n\t\t\t\t\t\t\t\t\t\t\t<span class=\"elementor-flip-box__button elementor-button elementor-size-sm\">\n\t\t\t\t\t\t\tVer m\u00e1s\t\t\t\t\t\t<\/span>\n\t\t\t\t\t\t\t\t<\/div>\n\t\t<\/div>\n\t\t<\/a>\n\t\t<\/div>\n\t\t\t\t\t\t<\/div>\n\t\t\t\t<\/div>\n\t\t\t\t\t<\/div>\n\t\t<\/div>\n\t\t\t\t\t<\/div>\n\t\t<\/section>\n\t\t\t\t<\/div>\n\t\t","protected":false},"excerpt":{"rendered":"<p>El din\u00e1mico desarrollo de la marca supo aprovechar las subvenciones de la UE. Gracias a ellas ha desarrollado y enriquecido su parque de m\u00e1quinas. Hoy en d\u00eda, Metal-Fach cuenta con naves de producci\u00f3n bien equipadas, un moderno taller de pintura con cataforesis, un innovador centro de investigaci\u00f3n de ruedas y laboratorios de control de calidad [&hellip;]<\/p>\n","protected":false},"author":2,"featured_media":0,"parent":0,"menu_order":5,"comment_status":"closed","ping_status":"closed","template":"","meta":{"_acf_changed":false,"footnotes":""},"class_list":["post-66418","page","type-page","status-publish","hentry"],"acf":[],"yoast_head":"<!-- This site is optimized with the Yoast SEO plugin v27.6 - https:\/\/yoast.com\/product\/yoast-seo-wordpress\/ -->\n<title>Cooperaci\u00f3n - Metal-Fach<\/title>\n<meta name=\"robots\" content=\"index, follow, max-snippet:-1, max-image-preview:large, max-video-preview:-1\" \/>\n<link rel=\"canonical\" href=\"https:\/\/www.metalfach.com.pl\/es\/cooperacion\/\" \/>\n<meta property=\"og:locale\" content=\"es_ES\" \/>\n<meta property=\"og:type\" content=\"article\" \/>\n<meta property=\"og:title\" content=\"Cooperaci\u00f3n - Metal-Fach\" \/>\n<meta property=\"og:description\" content=\"El din\u00e1mico desarrollo de la marca supo aprovechar las subvenciones de la UE. Gracias a ellas ha desarrollado y enriquecido su parque de m\u00e1quinas. Hoy en d\u00eda, Metal-Fach cuenta con naves de producci\u00f3n bien equipadas, un moderno taller de pintura con cataforesis, un innovador centro de investigaci\u00f3n de ruedas y laboratorios de control de calidad [&hellip;]\" \/>\n<meta property=\"og:url\" content=\"https:\/\/www.metalfach.com.pl\/es\/cooperacion\/\" \/>\n<meta property=\"og:site_name\" content=\"Metal-Fach\" \/>\n<meta property=\"article:publisher\" content=\"http:\/\/www.facebook.pl\/MetalFachOfficial\" \/>\n<meta property=\"article:modified_time\" content=\"2024-03-04T14:01:44+00:00\" \/>\n<meta name=\"twitter:card\" content=\"summary_large_image\" \/>\n<script type=\"application\/ld+json\" class=\"yoast-schema-graph\">{\"@context\":\"https:\\\/\\\/schema.org\",\"@graph\":[{\"@type\":\"WebPage\",\"@id\":\"https:\\\/\\\/www.metalfach.com.pl\\\/es\\\/cooperacion\\\/\",\"url\":\"https:\\\/\\\/www.metalfach.com.pl\\\/es\\\/cooperacion\\\/\",\"name\":\"Cooperaci\u00f3n - Metal-Fach\",\"isPartOf\":{\"@id\":\"https:\\\/\\\/www.metalfach.com.pl\\\/es\\\/#website\"},\"datePublished\":\"2019-03-30T16:37:14+00:00\",\"dateModified\":\"2024-03-04T14:01:44+00:00\",\"breadcrumb\":{\"@id\":\"https:\\\/\\\/www.metalfach.com.pl\\\/es\\\/cooperacion\\\/#breadcrumb\"},\"inLanguage\":\"es\",\"potentialAction\":[{\"@type\":\"ReadAction\",\"target\":[\"https:\\\/\\\/www.metalfach.com.pl\\\/es\\\/cooperacion\\\/\"]}]},{\"@type\":\"BreadcrumbList\",\"@id\":\"https:\\\/\\\/www.metalfach.com.pl\\\/es\\\/cooperacion\\\/#breadcrumb\",\"itemListElement\":[{\"@type\":\"ListItem\",\"position\":1,\"name\":\"Casa\",\"item\":\"https:\\\/\\\/www.metalfach.com.pl\\\/es\\\/\"},{\"@type\":\"ListItem\",\"position\":2,\"name\":\"Acerca de la compa\u00f1\u00eda\",\"item\":\"https:\\\/\\\/www.metalfach.com.pl\\\/es\\\/acerca-de-la-compania\\\/\"},{\"@type\":\"ListItem\",\"position\":3,\"name\":\"Cooperaci\u00f3n\"}]},{\"@type\":\"WebSite\",\"@id\":\"https:\\\/\\\/www.metalfach.com.pl\\\/es\\\/#website\",\"url\":\"https:\\\/\\\/www.metalfach.com.pl\\\/es\\\/\",\"name\":\"Metal-Fach\",\"description\":\"Prasy zwijaj\u0105ce, owijarki bel, \u0142adowacze czo\u0142owe, wozy paszowe, rozrzutniki obornika, przyczepy rolnicze, agregaty uprawowe\",\"publisher\":{\"@id\":\"https:\\\/\\\/www.metalfach.com.pl\\\/es\\\/#organization\"},\"potentialAction\":[{\"@type\":\"SearchAction\",\"target\":{\"@type\":\"EntryPoint\",\"urlTemplate\":\"https:\\\/\\\/www.metalfach.com.pl\\\/es\\\/?s={search_term_string}\"},\"query-input\":{\"@type\":\"PropertyValueSpecification\",\"valueRequired\":true,\"valueName\":\"search_term_string\"}}],\"inLanguage\":\"es\"},{\"@type\":\"Organization\",\"@id\":\"https:\\\/\\\/www.metalfach.com.pl\\\/es\\\/#organization\",\"name\":\"Metal-Fach\",\"url\":\"https:\\\/\\\/www.metalfach.com.pl\\\/es\\\/\",\"logo\":{\"@type\":\"ImageObject\",\"inLanguage\":\"es\",\"@id\":\"https:\\\/\\\/www.metalfach.com.pl\\\/es\\\/#\\\/schema\\\/logo\\\/image\\\/\",\"url\":\"https:\\\/\\\/www.metalfach.com.pl\\\/wp-content\\\/uploads\\\/metalfach-logo-horizontal-r.svg\",\"contentUrl\":\"https:\\\/\\\/www.metalfach.com.pl\\\/wp-content\\\/uploads\\\/metalfach-logo-horizontal-r.svg\",\"width\":777,\"height\":207,\"caption\":\"Metal-Fach\"},\"image\":{\"@id\":\"https:\\\/\\\/www.metalfach.com.pl\\\/es\\\/#\\\/schema\\\/logo\\\/image\\\/\"},\"sameAs\":[\"http:\\\/\\\/www.facebook.pl\\\/MetalFachOfficial\",\"https:\\\/\\\/www.instagram.com\\\/metalfach_official\\\/\",\"https:\\\/\\\/www.linkedin.com\\\/company\\\/metal-fach\",\"https:\\\/\\\/www.youtube.com\\\/user\\\/metalfach1\",\"https:\\\/\\\/www.tiktok.com\\\/@metalfach_official\"]}]}<\/script>\n<!-- \/ Yoast SEO plugin. -->","yoast_head_json":{"title":"Cooperaci\u00f3n - Metal-Fach","robots":{"index":"index","follow":"follow","max-snippet":"max-snippet:-1","max-image-preview":"max-image-preview:large","max-video-preview":"max-video-preview:-1"},"canonical":"https:\/\/www.metalfach.com.pl\/es\/cooperacion\/","og_locale":"es_ES","og_type":"article","og_title":"Cooperaci\u00f3n - Metal-Fach","og_description":"El din\u00e1mico desarrollo de la marca supo aprovechar las subvenciones de la UE. Gracias a ellas ha desarrollado y enriquecido su parque de m\u00e1quinas. Hoy en d\u00eda, Metal-Fach cuenta con naves de producci\u00f3n bien equipadas, un moderno taller de pintura con cataforesis, un innovador centro de investigaci\u00f3n de ruedas y laboratorios de control de calidad [&hellip;]","og_url":"https:\/\/www.metalfach.com.pl\/es\/cooperacion\/","og_site_name":"Metal-Fach","article_publisher":"http:\/\/www.facebook.pl\/MetalFachOfficial","article_modified_time":"2024-03-04T14:01:44+00:00","twitter_card":"summary_large_image","schema":{"@context":"https:\/\/schema.org","@graph":[{"@type":"WebPage","@id":"https:\/\/www.metalfach.com.pl\/es\/cooperacion\/","url":"https:\/\/www.metalfach.com.pl\/es\/cooperacion\/","name":"Cooperaci\u00f3n - Metal-Fach","isPartOf":{"@id":"https:\/\/www.metalfach.com.pl\/es\/#website"},"datePublished":"2019-03-30T16:37:14+00:00","dateModified":"2024-03-04T14:01:44+00:00","breadcrumb":{"@id":"https:\/\/www.metalfach.com.pl\/es\/cooperacion\/#breadcrumb"},"inLanguage":"es","potentialAction":[{"@type":"ReadAction","target":["https:\/\/www.metalfach.com.pl\/es\/cooperacion\/"]}]},{"@type":"BreadcrumbList","@id":"https:\/\/www.metalfach.com.pl\/es\/cooperacion\/#breadcrumb","itemListElement":[{"@type":"ListItem","position":1,"name":"Casa","item":"https:\/\/www.metalfach.com.pl\/es\/"},{"@type":"ListItem","position":2,"name":"Acerca de la compa\u00f1\u00eda","item":"https:\/\/www.metalfach.com.pl\/es\/acerca-de-la-compania\/"},{"@type":"ListItem","position":3,"name":"Cooperaci\u00f3n"}]},{"@type":"WebSite","@id":"https:\/\/www.metalfach.com.pl\/es\/#website","url":"https:\/\/www.metalfach.com.pl\/es\/","name":"Metal-Fach","description":"Prasy zwijaj\u0105ce, owijarki bel, \u0142adowacze czo\u0142owe, wozy paszowe, rozrzutniki obornika, przyczepy rolnicze, agregaty uprawowe","publisher":{"@id":"https:\/\/www.metalfach.com.pl\/es\/#organization"},"potentialAction":[{"@type":"SearchAction","target":{"@type":"EntryPoint","urlTemplate":"https:\/\/www.metalfach.com.pl\/es\/?s={search_term_string}"},"query-input":{"@type":"PropertyValueSpecification","valueRequired":true,"valueName":"search_term_string"}}],"inLanguage":"es"},{"@type":"Organization","@id":"https:\/\/www.metalfach.com.pl\/es\/#organization","name":"Metal-Fach","url":"https:\/\/www.metalfach.com.pl\/es\/","logo":{"@type":"ImageObject","inLanguage":"es","@id":"https:\/\/www.metalfach.com.pl\/es\/#\/schema\/logo\/image\/","url":"https:\/\/www.metalfach.com.pl\/wp-content\/uploads\/metalfach-logo-horizontal-r.svg","contentUrl":"https:\/\/www.metalfach.com.pl\/wp-content\/uploads\/metalfach-logo-horizontal-r.svg","width":777,"height":207,"caption":"Metal-Fach"},"image":{"@id":"https:\/\/www.metalfach.com.pl\/es\/#\/schema\/logo\/image\/"},"sameAs":["http:\/\/www.facebook.pl\/MetalFachOfficial","https:\/\/www.instagram.com\/metalfach_official\/","https:\/\/www.linkedin.com\/company\/metal-fach","https:\/\/www.youtube.com\/user\/metalfach1","https:\/\/www.tiktok.com\/@metalfach_official"]}]}},"_links":{"self":[{"href":"https:\/\/www.metalfach.com.pl\/es\/wp-json\/wp\/v2\/pages\/66418","targetHints":{"allow":["GET"]}}],"collection":[{"href":"https:\/\/www.metalfach.com.pl\/es\/wp-json\/wp\/v2\/pages"}],"about":[{"href":"https:\/\/www.metalfach.com.pl\/es\/wp-json\/wp\/v2\/types\/page"}],"author":[{"embeddable":true,"href":"https:\/\/www.metalfach.com.pl\/es\/wp-json\/wp\/v2\/users\/2"}],"replies":[{"embeddable":true,"href":"https:\/\/www.metalfach.com.pl\/es\/wp-json\/wp\/v2\/comments?post=66418"}],"version-history":[{"count":0,"href":"https:\/\/www.metalfach.com.pl\/es\/wp-json\/wp\/v2\/pages\/66418\/revisions"}],"wp:attachment":[{"href":"https:\/\/www.metalfach.com.pl\/es\/wp-json\/wp\/v2\/media?parent=66418"}],"curies":[{"name":"wp","href":"https:\/\/api.w.org\/{rel}","templated":true}]}}