{"id":9427,"date":"2019-09-24T21:08:19","date_gmt":"2019-09-24T19:08:19","guid":{"rendered":"http:\/\/www.metalfach.com.pl\/downloads\/ksiazki-gwarancyjne\/"},"modified":"2024-05-15T09:54:32","modified_gmt":"2024-05-15T07:54:32","slug":"guarantee-certificate","status":"publish","type":"page","link":"https:\/\/www.metalfach.com.pl\/en\/downloads\/guarantee-certificate\/","title":{"rendered":"Guarantee Certificate"},"content":{"rendered":"\t\t<div data-elementor-type=\"wp-page\" data-elementor-id=\"9427\" class=\"elementor elementor-9427 elementor-4073\" data-elementor-post-type=\"page\">\n\t\t\t\t\t\t<section class=\"elementor-section elementor-top-section elementor-element elementor-element-e713861 elementor-section-height-min-height elementor-section-stretched elementor-section-boxed elementor-section-height-default elementor-section-items-middle\" data-id=\"e713861\" data-element_type=\"section\" data-e-type=\"section\" data-settings=\"{&quot;stretch_section&quot;:&quot;section-stretched&quot;,&quot;background_background&quot;:&quot;classic&quot;}\">\n\t\t\t\t\t\t\t<div class=\"elementor-background-overlay\"><\/div>\n\t\t\t\t\t\t\t<div class=\"elementor-container elementor-column-gap-default\">\n\t\t\t\t\t<div class=\"elementor-column elementor-col-50 elementor-top-column elementor-element elementor-element-ebe1d3d\" data-id=\"ebe1d3d\" data-element_type=\"column\" data-e-type=\"column\">\n\t\t\t<div class=\"elementor-widget-wrap elementor-element-populated\">\n\t\t\t\t\t\t<div class=\"elementor-element elementor-element-d011085 elementor-widget-divider--view-line elementor-widget elementor-widget-divider\" data-id=\"d011085\" data-element_type=\"widget\" data-e-type=\"widget\" data-widget_type=\"divider.default\">\n\t\t\t\t<div class=\"elementor-widget-container\">\n\t\t\t\t\t\t\t<div class=\"elementor-divider\">\n\t\t\t<span class=\"elementor-divider-separator\">\n\t\t\t\t\t\t<\/span>\n\t\t<\/div>\n\t\t\t\t\t\t<\/div>\n\t\t\t\t<\/div>\n\t\t\t\t\t<\/div>\n\t\t<\/div>\n\t\t\t\t<div class=\"elementor-column elementor-col-50 elementor-top-column elementor-element elementor-element-0ad9822\" data-id=\"0ad9822\" data-element_type=\"column\" data-e-type=\"column\">\n\t\t\t<div class=\"elementor-widget-wrap elementor-element-populated\">\n\t\t\t\t\t\t<div class=\"elementor-element elementor-element-6689ea0 elementor-widget elementor-widget-text-editor\" data-id=\"6689ea0\" data-element_type=\"widget\" data-e-type=\"widget\" data-settings=\"{&quot;_animation&quot;:&quot;none&quot;}\" data-widget_type=\"text-editor.default\">\n\t\t\t\t<div class=\"elementor-widget-container\">\n\t\t\t\t\t\t\t\t\t<p>Download Guarantee Certificate<\/p>\t\t\t\t\t\t\t\t<\/div>\n\t\t\t\t<\/div>\n\t\t\t\t\t<\/div>\n\t\t<\/div>\n\t\t\t\t\t<\/div>\n\t\t<\/section>\n\t\t\t\t<section class=\"elementor-section elementor-top-section elementor-element elementor-element-d0f5f67 elementor-section-boxed elementor-section-height-default elementor-section-height-default\" data-id=\"d0f5f67\" data-element_type=\"section\" data-e-type=\"section\">\n\t\t\t\t\t\t<div class=\"elementor-container elementor-column-gap-extended\">\n\t\t\t\t\t<div class=\"elementor-column elementor-col-100 elementor-top-column elementor-element elementor-element-9066775\" data-id=\"9066775\" data-element_type=\"column\" data-e-type=\"column\">\n\t\t\t<div class=\"elementor-widget-wrap elementor-element-populated\">\n\t\t\t\t\t\t<div class=\"elementor-element elementor-element-8035830 elementor-widget elementor-widget-text-editor\" data-id=\"8035830\" data-element_type=\"widget\" data-e-type=\"widget\" data-widget_type=\"text-editor.default\">\n\t\t\t\t<div class=\"elementor-widget-container\">\n\t\t\t\t\t\t\t\t\t<span><span><a href=\"https:\/\/www.metalfach.com.pl\/en\/\">Home<\/a><\/span><\/span>\t\t\t\t\t\t\t\t<\/div>\n\t\t\t\t<\/div>\n\t\t\t\t\t<\/div>\n\t\t<\/div>\n\t\t\t\t\t<\/div>\n\t\t<\/section>\n\t\t\t\t<section class=\"elementor-section elementor-top-section elementor-element elementor-element-35d7af8 elementor-section-stretched elementor-section-boxed elementor-section-height-default elementor-section-height-default\" data-id=\"35d7af8\" data-element_type=\"section\" data-e-type=\"section\" data-settings=\"{&quot;stretch_section&quot;:&quot;section-stretched&quot;,&quot;shape_divider_bottom&quot;:&quot;tilt&quot;}\">\n\t\t\t\t\t<div class=\"elementor-shape elementor-shape-bottom\" aria-hidden=\"true\" data-negative=\"false\">\n\t\t\t<svg xmlns=\"http:\/\/www.w3.org\/2000\/svg\" viewBox=\"0 0 1000 100\" preserveAspectRatio=\"none\">\n\t<path class=\"elementor-shape-fill\" d=\"M0,6V0h1000v100L0,6z\"\/>\n<\/svg>\t\t<\/div>\n\t\t\t\t\t<div class=\"elementor-container elementor-column-gap-default\">\n\t\t\t\t\t<div class=\"elementor-column elementor-col-100 elementor-top-column elementor-element elementor-element-b10b520\" data-id=\"b10b520\" data-element_type=\"column\" data-e-type=\"column\">\n\t\t\t<div class=\"elementor-widget-wrap elementor-element-populated\">\n\t\t\t\t\t\t<div class=\"elementor-element elementor-element-3e552fd elementor-widget elementor-widget-heading\" data-id=\"3e552fd\" data-element_type=\"widget\" data-e-type=\"widget\" data-widget_type=\"heading.default\">\n\t\t\t\t<div class=\"elementor-widget-container\">\n\t\t\t\t\t<h2 class=\"elementor-heading-title elementor-size-medium\">Balers<\/h2>\t\t\t\t<\/div>\n\t\t\t\t<\/div>\n\t\t\t\t<div class=\"elementor-element elementor-element-501d4af elementor-widget elementor-widget-heading\" data-id=\"501d4af\" data-element_type=\"widget\" data-e-type=\"widget\" data-widget_type=\"heading.default\">\n\t\t\t\t<div class=\"elementor-widget-container\">\n\t\t\t\t\t<h2 class=\"elementor-heading-title elementor-size-medium\">Bale wrappers<\/h2>\t\t\t\t<\/div>\n\t\t\t\t<\/div>\n\t\t\t\t<div class=\"elementor-element elementor-element-07502d1 elementor-widget elementor-widget-heading\" data-id=\"07502d1\" data-element_type=\"widget\" data-e-type=\"widget\" data-widget_type=\"heading.default\">\n\t\t\t\t<div class=\"elementor-widget-container\">\n\t\t\t\t\t<h2 class=\"elementor-heading-title elementor-size-medium\">Loaders<\/h2>\t\t\t\t<\/div>\n\t\t\t\t<\/div>\n\t\t\t\t<div class=\"elementor-element elementor-element-af0dc9e elementor-widget elementor-widget-heading\" data-id=\"af0dc9e\" data-element_type=\"widget\" data-e-type=\"widget\" data-widget_type=\"heading.default\">\n\t\t\t\t<div class=\"elementor-widget-container\">\n\t\t\t\t\t<h2 class=\"elementor-heading-title elementor-size-medium\">Front loader equipment <\/h2>\t\t\t\t<\/div>\n\t\t\t\t<\/div>\n\t\t\t\t<div class=\"elementor-element elementor-element-8bf2162 elementor-widget elementor-widget-heading\" data-id=\"8bf2162\" data-element_type=\"widget\" data-e-type=\"widget\" data-widget_type=\"heading.default\">\n\t\t\t\t<div class=\"elementor-widget-container\">\n\t\t\t\t\t<h2 class=\"elementor-heading-title elementor-size-medium\">Feeder wagons<\/h2>\t\t\t\t<\/div>\n\t\t\t\t<\/div>\n\t\t\t\t<div class=\"elementor-element elementor-element-c042d39 elementor-widget elementor-widget-heading\" data-id=\"c042d39\" data-element_type=\"widget\" data-e-type=\"widget\" data-widget_type=\"heading.default\">\n\t\t\t\t<div class=\"elementor-widget-container\">\n\t\t\t\t\t<h2 class=\"elementor-heading-title elementor-size-medium\">Manure Spreaders<\/h2>\t\t\t\t<\/div>\n\t\t\t\t<\/div>\n\t\t\t\t<div class=\"elementor-element elementor-element-392fe07 elementor-widget elementor-widget-heading\" data-id=\"392fe07\" data-element_type=\"widget\" data-e-type=\"widget\" data-widget_type=\"heading.default\">\n\t\t\t\t<div class=\"elementor-widget-container\">\n\t\t\t\t\t<h2 class=\"elementor-heading-title elementor-size-medium\">Trailers<\/h2>\t\t\t\t<\/div>\n\t\t\t\t<\/div>\n\t\t\t\t<div class=\"elementor-element elementor-element-b76d526 elementor-widget elementor-widget-heading\" data-id=\"b76d526\" data-element_type=\"widget\" data-e-type=\"widget\" data-widget_type=\"heading.default\">\n\t\t\t\t<div class=\"elementor-widget-container\">\n\t\t\t\t\t<h2 class=\"elementor-heading-title elementor-size-medium\">Cultivators<\/h2>\t\t\t\t<\/div>\n\t\t\t\t<\/div>\n\t\t\t\t\t<\/div>\n\t\t<\/div>\n\t\t\t\t\t<\/div>\n\t\t<\/section>\n\t\t\t\t<\/div>\n\t\t","protected":false},"excerpt":{"rendered":"<p>Download Guarantee Certificate Balers Guarantee Certificate &#8211; Balers Metal-Fach Bale wrappers Guarantee Certificate &#8211; Baler wrappers Metal-Fach Loaders Guarantee Certificate &#8211; Loaders Metal-Fach Front loader equipment Guarantee Certificate \u2013 Front loader equipment MF Feeder wagons Guarantee Certificate \u2013 Feeder wagons MF Manure Spreaders Guarantee Certificate \u2013 Manure Spreaders MF Trailers Guarantee Certificate \u2013 Agricultural Trailers [&hellip;]<\/p>\n","protected":false},"author":2,"featured_media":0,"parent":5664,"menu_order":3,"comment_status":"closed","ping_status":"closed","template":"","meta":{"_acf_changed":false,"footnotes":""},"class_list":["post-9427","page","type-page","status-publish","hentry"],"acf":[],"yoast_head":"<!-- This site is optimized with the Yoast SEO plugin v27.6 - https:\/\/yoast.com\/product\/yoast-seo-wordpress\/ -->\n<title>Guarantee Certificate - Metal-Fach<\/title>\n<meta name=\"robots\" content=\"index, follow, max-snippet:-1, max-image-preview:large, max-video-preview:-1\" \/>\n<link rel=\"canonical\" href=\"https:\/\/www.metalfach.com.pl\/en\/downloads\/guarantee-certificate\/\" \/>\n<meta property=\"og:locale\" content=\"en_US\" \/>\n<meta property=\"og:type\" content=\"article\" \/>\n<meta property=\"og:title\" content=\"Guarantee Certificate - Metal-Fach\" \/>\n<meta property=\"og:description\" content=\"Download Guarantee Certificate Balers Guarantee Certificate &#8211; Balers Metal-Fach Bale wrappers Guarantee Certificate &#8211; Baler wrappers Metal-Fach Loaders Guarantee Certificate &#8211; Loaders Metal-Fach Front loader equipment Guarantee Certificate \u2013 Front loader equipment MF Feeder wagons Guarantee Certificate \u2013 Feeder wagons MF Manure Spreaders Guarantee Certificate \u2013 Manure Spreaders MF Trailers Guarantee Certificate \u2013 Agricultural Trailers [&hellip;]\" \/>\n<meta property=\"og:url\" content=\"https:\/\/www.metalfach.com.pl\/en\/downloads\/guarantee-certificate\/\" \/>\n<meta property=\"og:site_name\" content=\"Metal-Fach\" \/>\n<meta property=\"article:publisher\" content=\"http:\/\/www.facebook.pl\/MetalFachOfficial\" \/>\n<meta property=\"article:modified_time\" content=\"2024-05-15T07:54:32+00:00\" \/>\n<meta name=\"twitter:card\" content=\"summary_large_image\" \/>\n<meta name=\"twitter:label1\" content=\"Est. reading time\" \/>\n\t<meta name=\"twitter:data1\" content=\"1 minute\" \/>\n<script type=\"application\/ld+json\" class=\"yoast-schema-graph\">{\"@context\":\"https:\\\/\\\/schema.org\",\"@graph\":[{\"@type\":\"WebPage\",\"@id\":\"https:\\\/\\\/www.metalfach.com.pl\\\/en\\\/downloads\\\/guarantee-certificate\\\/\",\"url\":\"https:\\\/\\\/www.metalfach.com.pl\\\/en\\\/downloads\\\/guarantee-certificate\\\/\",\"name\":\"Guarantee Certificate - Metal-Fach\",\"isPartOf\":{\"@id\":\"https:\\\/\\\/www.metalfach.com.pl\\\/en\\\/#website\"},\"datePublished\":\"2019-09-24T19:08:19+00:00\",\"dateModified\":\"2024-05-15T07:54:32+00:00\",\"breadcrumb\":{\"@id\":\"https:\\\/\\\/www.metalfach.com.pl\\\/en\\\/downloads\\\/guarantee-certificate\\\/#breadcrumb\"},\"inLanguage\":\"en-US\",\"potentialAction\":[{\"@type\":\"ReadAction\",\"target\":[\"https:\\\/\\\/www.metalfach.com.pl\\\/en\\\/downloads\\\/guarantee-certificate\\\/\"]}]},{\"@type\":\"BreadcrumbList\",\"@id\":\"https:\\\/\\\/www.metalfach.com.pl\\\/en\\\/downloads\\\/guarantee-certificate\\\/#breadcrumb\",\"itemListElement\":[{\"@type\":\"ListItem\",\"position\":1,\"name\":\"Home\",\"item\":\"https:\\\/\\\/www.metalfach.com.pl\\\/en\\\/\"},{\"@type\":\"ListItem\",\"position\":2,\"name\":\"Downloads\",\"item\":\"https:\\\/\\\/www.metalfach.com.pl\\\/en\\\/downloads\\\/\"},{\"@type\":\"ListItem\",\"position\":3,\"name\":\"Guarantee Certificate\"}]},{\"@type\":\"WebSite\",\"@id\":\"https:\\\/\\\/www.metalfach.com.pl\\\/en\\\/#website\",\"url\":\"https:\\\/\\\/www.metalfach.com.pl\\\/en\\\/\",\"name\":\"Metal-Fach\",\"description\":\"Prasy zwijaj\u0105ce, owijarki bel, \u0142adowacze czo\u0142owe, wozy paszowe, rozrzutniki obornika, przyczepy rolnicze, agregaty uprawowe\",\"publisher\":{\"@id\":\"https:\\\/\\\/www.metalfach.com.pl\\\/en\\\/#organization\"},\"potentialAction\":[{\"@type\":\"SearchAction\",\"target\":{\"@type\":\"EntryPoint\",\"urlTemplate\":\"https:\\\/\\\/www.metalfach.com.pl\\\/en\\\/?s={search_term_string}\"},\"query-input\":{\"@type\":\"PropertyValueSpecification\",\"valueRequired\":true,\"valueName\":\"search_term_string\"}}],\"inLanguage\":\"en-US\"},{\"@type\":\"Organization\",\"@id\":\"https:\\\/\\\/www.metalfach.com.pl\\\/en\\\/#organization\",\"name\":\"Metal-Fach\",\"url\":\"https:\\\/\\\/www.metalfach.com.pl\\\/en\\\/\",\"logo\":{\"@type\":\"ImageObject\",\"inLanguage\":\"en-US\",\"@id\":\"https:\\\/\\\/www.metalfach.com.pl\\\/en\\\/#\\\/schema\\\/logo\\\/image\\\/\",\"url\":\"https:\\\/\\\/www.metalfach.com.pl\\\/wp-content\\\/uploads\\\/metalfach-logo-horizontal-r.svg\",\"contentUrl\":\"https:\\\/\\\/www.metalfach.com.pl\\\/wp-content\\\/uploads\\\/metalfach-logo-horizontal-r.svg\",\"width\":777,\"height\":207,\"caption\":\"Metal-Fach\"},\"image\":{\"@id\":\"https:\\\/\\\/www.metalfach.com.pl\\\/en\\\/#\\\/schema\\\/logo\\\/image\\\/\"},\"sameAs\":[\"http:\\\/\\\/www.facebook.pl\\\/MetalFachOfficial\",\"https:\\\/\\\/www.instagram.com\\\/metalfach_official\\\/\",\"https:\\\/\\\/www.linkedin.com\\\/company\\\/metal-fach\",\"https:\\\/\\\/www.youtube.com\\\/user\\\/metalfach1\",\"https:\\\/\\\/www.tiktok.com\\\/@metalfach_official\"]}]}<\/script>\n<!-- \/ Yoast SEO plugin. -->","yoast_head_json":{"title":"Guarantee Certificate - Metal-Fach","robots":{"index":"index","follow":"follow","max-snippet":"max-snippet:-1","max-image-preview":"max-image-preview:large","max-video-preview":"max-video-preview:-1"},"canonical":"https:\/\/www.metalfach.com.pl\/en\/downloads\/guarantee-certificate\/","og_locale":"en_US","og_type":"article","og_title":"Guarantee Certificate - Metal-Fach","og_description":"Download Guarantee Certificate Balers Guarantee Certificate &#8211; Balers Metal-Fach Bale wrappers Guarantee Certificate &#8211; Baler wrappers Metal-Fach Loaders Guarantee Certificate &#8211; Loaders Metal-Fach Front loader equipment Guarantee Certificate \u2013 Front loader equipment MF Feeder wagons Guarantee Certificate \u2013 Feeder wagons MF Manure Spreaders Guarantee Certificate \u2013 Manure Spreaders MF Trailers Guarantee Certificate \u2013 Agricultural Trailers [&hellip;]","og_url":"https:\/\/www.metalfach.com.pl\/en\/downloads\/guarantee-certificate\/","og_site_name":"Metal-Fach","article_publisher":"http:\/\/www.facebook.pl\/MetalFachOfficial","article_modified_time":"2024-05-15T07:54:32+00:00","twitter_card":"summary_large_image","twitter_misc":{"Est. reading time":"1 minute"},"schema":{"@context":"https:\/\/schema.org","@graph":[{"@type":"WebPage","@id":"https:\/\/www.metalfach.com.pl\/en\/downloads\/guarantee-certificate\/","url":"https:\/\/www.metalfach.com.pl\/en\/downloads\/guarantee-certificate\/","name":"Guarantee Certificate - Metal-Fach","isPartOf":{"@id":"https:\/\/www.metalfach.com.pl\/en\/#website"},"datePublished":"2019-09-24T19:08:19+00:00","dateModified":"2024-05-15T07:54:32+00:00","breadcrumb":{"@id":"https:\/\/www.metalfach.com.pl\/en\/downloads\/guarantee-certificate\/#breadcrumb"},"inLanguage":"en-US","potentialAction":[{"@type":"ReadAction","target":["https:\/\/www.metalfach.com.pl\/en\/downloads\/guarantee-certificate\/"]}]},{"@type":"BreadcrumbList","@id":"https:\/\/www.metalfach.com.pl\/en\/downloads\/guarantee-certificate\/#breadcrumb","itemListElement":[{"@type":"ListItem","position":1,"name":"Home","item":"https:\/\/www.metalfach.com.pl\/en\/"},{"@type":"ListItem","position":2,"name":"Downloads","item":"https:\/\/www.metalfach.com.pl\/en\/downloads\/"},{"@type":"ListItem","position":3,"name":"Guarantee Certificate"}]},{"@type":"WebSite","@id":"https:\/\/www.metalfach.com.pl\/en\/#website","url":"https:\/\/www.metalfach.com.pl\/en\/","name":"Metal-Fach","description":"Prasy zwijaj\u0105ce, owijarki bel, \u0142adowacze czo\u0142owe, wozy paszowe, rozrzutniki obornika, przyczepy rolnicze, agregaty uprawowe","publisher":{"@id":"https:\/\/www.metalfach.com.pl\/en\/#organization"},"potentialAction":[{"@type":"SearchAction","target":{"@type":"EntryPoint","urlTemplate":"https:\/\/www.metalfach.com.pl\/en\/?s={search_term_string}"},"query-input":{"@type":"PropertyValueSpecification","valueRequired":true,"valueName":"search_term_string"}}],"inLanguage":"en-US"},{"@type":"Organization","@id":"https:\/\/www.metalfach.com.pl\/en\/#organization","name":"Metal-Fach","url":"https:\/\/www.metalfach.com.pl\/en\/","logo":{"@type":"ImageObject","inLanguage":"en-US","@id":"https:\/\/www.metalfach.com.pl\/en\/#\/schema\/logo\/image\/","url":"https:\/\/www.metalfach.com.pl\/wp-content\/uploads\/metalfach-logo-horizontal-r.svg","contentUrl":"https:\/\/www.metalfach.com.pl\/wp-content\/uploads\/metalfach-logo-horizontal-r.svg","width":777,"height":207,"caption":"Metal-Fach"},"image":{"@id":"https:\/\/www.metalfach.com.pl\/en\/#\/schema\/logo\/image\/"},"sameAs":["http:\/\/www.facebook.pl\/MetalFachOfficial","https:\/\/www.instagram.com\/metalfach_official\/","https:\/\/www.linkedin.com\/company\/metal-fach","https:\/\/www.youtube.com\/user\/metalfach1","https:\/\/www.tiktok.com\/@metalfach_official"]}]}},"_links":{"self":[{"href":"https:\/\/www.metalfach.com.pl\/en\/wp-json\/wp\/v2\/pages\/9427","targetHints":{"allow":["GET"]}}],"collection":[{"href":"https:\/\/www.metalfach.com.pl\/en\/wp-json\/wp\/v2\/pages"}],"about":[{"href":"https:\/\/www.metalfach.com.pl\/en\/wp-json\/wp\/v2\/types\/page"}],"author":[{"embeddable":true,"href":"https:\/\/www.metalfach.com.pl\/en\/wp-json\/wp\/v2\/users\/2"}],"replies":[{"embeddable":true,"href":"https:\/\/www.metalfach.com.pl\/en\/wp-json\/wp\/v2\/comments?post=9427"}],"version-history":[{"count":0,"href":"https:\/\/www.metalfach.com.pl\/en\/wp-json\/wp\/v2\/pages\/9427\/revisions"}],"up":[{"embeddable":true,"href":"https:\/\/www.metalfach.com.pl\/en\/wp-json\/wp\/v2\/pages\/5664"}],"wp:attachment":[{"href":"https:\/\/www.metalfach.com.pl\/en\/wp-json\/wp\/v2\/media?parent=9427"}],"curies":[{"name":"wp","href":"https:\/\/api.w.org\/{rel}","templated":true}]}}